{"id":7939,"date":"2022-03-03T11:53:37","date_gmt":"2022-03-03T11:53:37","guid":{"rendered":"https:\/\/alhambra-entradas.demo.iacpospre.com\/politica-de-privacidad-newsletter\/"},"modified":"2022-03-08T11:38:45","modified_gmt":"2022-03-08T11:38:45","slug":"politica-de-privacidad-newsletter","status":"publish","type":"page","link":"https:\/\/alhambra-entradas.demo.iacpospre.com\/en\/politica-de-privacidad-newsletter\/","title":{"rendered":"Pol\u00edtica de privacidad Newsletter"},"content":{"rendered":"<p>[et_pb_section fb_built=&#8221;1&#8243; _builder_version=&#8221;4.14.7&#8243; _module_preset=&#8221;default&#8221; display_conditions=&#8221;bnVsbA==&#8221; custom_padding=&#8221;28px||30px|||&#8221; global_colors_info=&#8221;{}&#8221;][et_pb_row _builder_version=&#8221;4.14.7&#8243; _module_preset=&#8221;default&#8221; display_conditions=&#8221;bnVsbA==&#8221; global_colors_info=&#8221;{}&#8221;][et_pb_column type=&#8221;4_4&#8243; _builder_version=&#8221;4.14.7&#8243; _module_preset=&#8221;default&#8221; display_conditions=&#8221;bnVsbA==&#8221; global_colors_info=&#8221;{}&#8221;][et_pb_text _builder_version=&#8221;4.14.7&#8243; _module_preset=&#8221;default&#8221; header_font=&#8221;Hallosans||||||||&#8221; header_font_size=&#8221;34px&#8221; display_conditions=&#8221;bnVsbA==&#8221; global_colors_info=&#8221;{}&#8221;]<\/p>\n<h1>Privacy Policy <\/h1>\n<p>[\/et_pb_text][\/et_pb_column][\/et_pb_row][\/et_pb_section][et_pb_section fb_built=&#8221;1&#8243; _builder_version=&#8221;4.14.7&#8243; _module_preset=&#8221;default&#8221; display_conditions=&#8221;bnVsbA==&#8221; global_colors_info=&#8221;{}&#8221;][et_pb_row _builder_version=&#8221;4.14.7&#8243; _module_preset=&#8221;default&#8221; display_conditions=&#8221;bnVsbA==&#8221; global_colors_info=&#8221;{}&#8221;][et_pb_column type=&#8221;4_4&#8243; _builder_version=&#8221;4.14.7&#8243; _module_preset=&#8221;default&#8221; display_conditions=&#8221;bnVsbA==&#8221; global_colors_info=&#8221;{}&#8221;][et_pb_text _builder_version=&#8221;4.14.8&#8243; _module_preset=&#8221;default&#8221; display_conditions=&#8221;bnVsbA==&#8221; global_colors_info=&#8221;{}&#8221;]<\/p>\n<p><strong>PRIVACY POLICY. PERSONAL DATA PROTECTION.<\/strong><\/p>\n<p>RESPONSIBLE<\/p>\n<p><strong>Brand-name :<\/strong><\/p>\n<p>PATRONATO DE LA ALHAMBRA Y GENERALIFE &#8211; CIF: Q1818001H, Dir. Postal: C\/ Real de la Alhambra, s\/n &#8211; 18009 &#8211; GRANADA &#8211; GRANADA. Email: lopd.pag@juntadeandalucia.es<\/p>\n<p><strong>Contact data of the agent in Data Protection<\/strong><\/p>\n<p>dpd.pag@juntadeandalucia.es<\/p>\n<p>&nbsp;<\/p>\n<p>PURPOSE<\/p>\n<p><strong>Extended description of the purpose \/ s of the treatment:<\/strong><\/p>\n<p>We will process your data for the management and control of cultural, educational, research and consultation activities, as well as those derived from the regulations on public visits organized by the Alhambra and Generalife Trust, and particularly, for administrative, accounting and fiscal management, security, statistics and their communication and dissemination.<\/p>\n<p>STORAGE<\/p>\n<p><strong>Time limits or rules for data storage:<\/strong><\/p>\n<p>The personal data provided will be stored as long as the relationship with the entity is maintained and its deletion is not requested by the interested party, it will be stored according to the established legal terms in fiscal and accounting matters, during five years from the last communication. If the purpose of the processing is to sell a service or access through a web platform, we inform you that if this process is cancelled, suspended or cut, your data will be recorded in our database for claims purposes and further than if you wish, you can recover it through our technical support phones.<\/p>\n<p>DECISIONS<\/p>\n<p><strong>Automated decisions, profiles and applied logic: <\/strong><\/p>\n<p>The company will NOT make automated decisions, profiles or logic applied to your data.<\/p>\n<p>LEGITIMATION:<\/p>\n<p><strong>Legitimation for execution of a contract: <\/strong><\/p>\n<p>Due to the need of the data processing for the execution of a ticket sales contract, in which you are a party, it is stated that the type of contract in question, is the aforementioned contract or the pre-contractual relationship. As the communication of personal data is a legal or contractual requirement and a necessary requirement to subscribe the aforementioned contract, the interested party is informed that he is obliged to provide personal data, and also that the consequences of not doing so may result in non-provision of the service requested.<\/p>\n<p>RECIPIENTS<\/p>\n<p>During the data processing period no data will be transferred to third parties, except legal obligation. The Entity has subcontracted some technical services and specialized computer applications, outsourced to third parties. This supposes that the necessary data, at some point, can be processed or transmitted to the information systems, located on local and \/ or remote servers, of these suppliers with whom it has signed the corresponding contracts of processing and clauses of confidentiality These managers are:<\/p>\n<p>SICOMORO SERVICIOS INTEGRALES, S.L. con NIF\/CIF B99020547<\/p>\n<p>RIGHTS<\/p>\n<p><strong>Legitimation for execution of a contract and y consent of the individual concerned: <\/strong><\/p>\n<p>* Right to request access to your personal data.<\/p>\n<p>* Right to request rectification or deletion.<\/p>\n<p>* Right to request limitation of your data processing.<\/p>\n<p>* Right to object to processing.<\/p>\n<p>* Right to data portability.<\/p>\n<p>* Right to withdraw the given consent.<\/p>\n<p>Anyone has the right to obtain confirmation if at the Entity we are dealing with personal data concerning them or not. Interested persons have the right to access their personal data, as well as to request the rectification of inaccurate data or, in this case, request its deletion when, among other reasons, the data is no longer necessary for the purposes that were collected.<\/p>\n<p>In certain circumstances, the interested parties may request the limitation of the processing of their data, in which case we will only store them for the exercise or defense of claims. In certain circumstances and for reasons related to their particular situation, the interested parties may object to the processing of their data. In this case, the entity will stop processing the data, except for compelling legitimate reasons, or the exercise or defense of possible claims<\/p>\n<p>If you grant your consent for any specific purpose, you have the right to withdraw the consent granted at any time, without affecting the legality of the treatment based on the consent prior to its withdrawal.<\/p>\n<p>To do so, you may use the forms provided by the entity, or write to the  PATRONATO DE LA ALHAMBRA Y GENERALIFE with NIF\/CIF Q1818001H, and registered office at  C\/ Real de la Alhambra, s\/n &#8211; 18009 &#8211; GRANADA &#8211; GRANADA. Correo electr\u00f3nico: lopd.pag@juntadeandalucia.es<\/p>\n<p>In case you feel your rights are violated in relation to the protection of your personal data, especially when you have not obtained satisfaction in the exercise of your rights, you can submit a claim to the competent Data Protection Control Authority\u00e7, Consejo de Transparencia y Protecci\u00f3n de Datos de Andaluc\u00eda, through its website: https:\/\/www.ctpdandalucia.es\/<\/p>\n<p>ORIGIN OF DATA<\/p>\n<p>The personal data processed in the Entity are supplied by you.<\/p>\n<p><strong>The categories of data processed are: <\/strong><\/p>\n<p>&#8211; Identification data.<\/p>\n<p>&#8211; Direcciones postales o electr\u00f3nicas.<\/p>\n<p>&#8211; Postal or email address.<\/p>\n<p>-Transaction data of goods or services.<\/p>\n<p>[\/et_pb_text][\/et_pb_column][\/et_pb_row][\/et_pb_section]<\/p>\n","protected":false},"excerpt":{"rendered":"<p>Privacy Policy PRIVACY POLICY. PERSONAL DATA PROTECTION. RESPONSIBLE Brand-name : PATRONATO DE LA ALHAMBRA Y GENERALIFE &#8211; CIF: Q1818001H, Dir. Postal: C\/ Real de la Alhambra, s\/n &#8211; 18009 &#8211; GRANADA &#8211; GRANADA. Email: lopd.pag@juntadeandalucia.es Contact data of the agent in Data Protection dpd.pag@juntadeandalucia.es &nbsp; PURPOSE Extended description of the purpose \/ s of the [&hellip;]<\/p>\n","protected":false},"author":1,"featured_media":0,"parent":0,"menu_order":0,"comment_status":"closed","ping_status":"closed","template":"","meta":{"_acf_changed":false,"_et_pb_use_builder":"on","_et_pb_old_content":"","_et_gb_content_width":"","footnotes":""},"class_list":["post-7939","page","type-page","status-publish","hentry"],"acf":[],"yoast_head":"<!-- This site is optimized with the Yoast SEO plugin v27.4 - https:\/\/yoast.com\/product\/yoast-seo-wordpress\/ -->\n<title>Pol\u00edtica de privacidad Newsletter - Tickets Alhambra Patronato<\/title>\n<meta name=\"robots\" content=\"noindex, follow, max-snippet:-1, max-image-preview:large, max-video-preview:-1\" \/>\n<meta property=\"og:locale\" content=\"en_US\" \/>\n<meta property=\"og:type\" content=\"article\" \/>\n<meta property=\"og:title\" content=\"Pol\u00edtica de privacidad Newsletter - Tickets Alhambra Patronato\" \/>\n<meta property=\"og:description\" content=\"Privacy Policy PRIVACY POLICY. PERSONAL DATA PROTECTION. RESPONSIBLE Brand-name : PATRONATO DE LA ALHAMBRA Y GENERALIFE - CIF: Q1818001H, Dir. Postal: C\/ Real de la Alhambra, s\/n - 18009 - GRANADA - GRANADA. Email: lopd.pag@juntadeandalucia.es Contact data of the agent in Data Protection dpd.pag@juntadeandalucia.es &nbsp; PURPOSE Extended description of the purpose \/ s of the [&hellip;]\" \/>\n<meta property=\"og:url\" content=\"https:\/\/alhambra-entradas.demo.iacpospre.com\/politica-de-privacidad-newsletter\/\" \/>\n<meta property=\"og:site_name\" content=\"Tickets Alhambra Patronato\" \/>\n<meta property=\"article:modified_time\" content=\"2022-03-08T11:38:45+00:00\" \/>\n<meta name=\"twitter:card\" content=\"summary_large_image\" \/>\n<meta name=\"twitter:label1\" content=\"Est. reading time\" \/>\n\t<meta name=\"twitter:data1\" content=\"5 minutes\" \/>\n<script type=\"application\/ld+json\" class=\"yoast-schema-graph\">{\"@context\":\"https:\\\/\\\/schema.org\",\"@graph\":[{\"@type\":\"WebPage\",\"@id\":\"https:\\\/\\\/alhambra-entradas.demo.iacpospre.com\\\/politica-de-privacidad-newsletter\\\/\",\"url\":\"https:\\\/\\\/alhambra-entradas.demo.iacpospre.com\\\/politica-de-privacidad-newsletter\\\/\",\"name\":\"Pol\u00edtica de privacidad Newsletter - Tickets Alhambra Patronato\",\"isPartOf\":{\"@id\":\"https:\\\/\\\/alhambra-entradas.demo.iacpospre.com\\\/#website\"},\"datePublished\":\"2022-03-03T11:53:37+00:00\",\"dateModified\":\"2022-03-08T11:38:45+00:00\",\"breadcrumb\":{\"@id\":\"https:\\\/\\\/alhambra-entradas.demo.iacpospre.com\\\/politica-de-privacidad-newsletter\\\/#breadcrumb\"},\"inLanguage\":\"en-US\",\"potentialAction\":[{\"@type\":\"ReadAction\",\"target\":[\"https:\\\/\\\/alhambra-entradas.demo.iacpospre.com\\\/politica-de-privacidad-newsletter\\\/\"]}]},{\"@type\":\"BreadcrumbList\",\"@id\":\"https:\\\/\\\/alhambra-entradas.demo.iacpospre.com\\\/politica-de-privacidad-newsletter\\\/#breadcrumb\",\"itemListElement\":[{\"@type\":\"ListItem\",\"position\":1,\"name\":\"Portada\",\"item\":\"https:\\\/\\\/alhambra-entradas.demo.iacpospre.com\\\/en\\\/\"},{\"@type\":\"ListItem\",\"position\":2,\"name\":\"Pol\u00edtica de privacidad Newsletter\"}]},{\"@type\":\"WebSite\",\"@id\":\"https:\\\/\\\/alhambra-entradas.demo.iacpospre.com\\\/#website\",\"url\":\"https:\\\/\\\/alhambra-entradas.demo.iacpospre.com\\\/\",\"name\":\"Tickets Alhambra Patronato\",\"description\":\"Compra de entradas Alhambra y Generalife\",\"potentialAction\":[{\"@type\":\"SearchAction\",\"target\":{\"@type\":\"EntryPoint\",\"urlTemplate\":\"https:\\\/\\\/alhambra-entradas.demo.iacpospre.com\\\/?s={search_term_string}\"},\"query-input\":{\"@type\":\"PropertyValueSpecification\",\"valueRequired\":true,\"valueName\":\"search_term_string\"}}],\"inLanguage\":\"en-US\"}]}<\/script>\n<!-- \/ Yoast SEO plugin. -->","yoast_head_json":{"title":"Pol\u00edtica de privacidad Newsletter - Tickets Alhambra Patronato","robots":{"index":"noindex","follow":"follow","max-snippet":"max-snippet:-1","max-image-preview":"max-image-preview:large","max-video-preview":"max-video-preview:-1"},"og_locale":"en_US","og_type":"article","og_title":"Pol\u00edtica de privacidad Newsletter - Tickets Alhambra Patronato","og_description":"Privacy Policy PRIVACY POLICY. PERSONAL DATA PROTECTION. RESPONSIBLE Brand-name : PATRONATO DE LA ALHAMBRA Y GENERALIFE - CIF: Q1818001H, Dir. Postal: C\/ Real de la Alhambra, s\/n - 18009 - GRANADA - GRANADA. Email: lopd.pag@juntadeandalucia.es Contact data of the agent in Data Protection dpd.pag@juntadeandalucia.es &nbsp; PURPOSE Extended description of the purpose \/ s of the [&hellip;]","og_url":"https:\/\/alhambra-entradas.demo.iacpospre.com\/politica-de-privacidad-newsletter\/","og_site_name":"Tickets Alhambra Patronato","article_modified_time":"2022-03-08T11:38:45+00:00","twitter_card":"summary_large_image","twitter_misc":{"Est. reading time":"5 minutes"},"schema":{"@context":"https:\/\/schema.org","@graph":[{"@type":"WebPage","@id":"https:\/\/alhambra-entradas.demo.iacpospre.com\/politica-de-privacidad-newsletter\/","url":"https:\/\/alhambra-entradas.demo.iacpospre.com\/politica-de-privacidad-newsletter\/","name":"Pol\u00edtica de privacidad Newsletter - Tickets Alhambra Patronato","isPartOf":{"@id":"https:\/\/alhambra-entradas.demo.iacpospre.com\/#website"},"datePublished":"2022-03-03T11:53:37+00:00","dateModified":"2022-03-08T11:38:45+00:00","breadcrumb":{"@id":"https:\/\/alhambra-entradas.demo.iacpospre.com\/politica-de-privacidad-newsletter\/#breadcrumb"},"inLanguage":"en-US","potentialAction":[{"@type":"ReadAction","target":["https:\/\/alhambra-entradas.demo.iacpospre.com\/politica-de-privacidad-newsletter\/"]}]},{"@type":"BreadcrumbList","@id":"https:\/\/alhambra-entradas.demo.iacpospre.com\/politica-de-privacidad-newsletter\/#breadcrumb","itemListElement":[{"@type":"ListItem","position":1,"name":"Portada","item":"https:\/\/alhambra-entradas.demo.iacpospre.com\/en\/"},{"@type":"ListItem","position":2,"name":"Pol\u00edtica de privacidad Newsletter"}]},{"@type":"WebSite","@id":"https:\/\/alhambra-entradas.demo.iacpospre.com\/#website","url":"https:\/\/alhambra-entradas.demo.iacpospre.com\/","name":"Tickets Alhambra Patronato","description":"Compra de entradas Alhambra y Generalife","potentialAction":[{"@type":"SearchAction","target":{"@type":"EntryPoint","urlTemplate":"https:\/\/alhambra-entradas.demo.iacpospre.com\/?s={search_term_string}"},"query-input":{"@type":"PropertyValueSpecification","valueRequired":true,"valueName":"search_term_string"}}],"inLanguage":"en-US"}]}},"_links":{"self":[{"href":"https:\/\/alhambra-entradas.demo.iacpospre.com\/en\/wp-json\/wp\/v2\/pages\/7939","targetHints":{"allow":["GET"]}}],"collection":[{"href":"https:\/\/alhambra-entradas.demo.iacpospre.com\/en\/wp-json\/wp\/v2\/pages"}],"about":[{"href":"https:\/\/alhambra-entradas.demo.iacpospre.com\/en\/wp-json\/wp\/v2\/types\/page"}],"author":[{"embeddable":true,"href":"https:\/\/alhambra-entradas.demo.iacpospre.com\/en\/wp-json\/wp\/v2\/users\/1"}],"replies":[{"embeddable":true,"href":"https:\/\/alhambra-entradas.demo.iacpospre.com\/en\/wp-json\/wp\/v2\/comments?post=7939"}],"version-history":[{"count":12,"href":"https:\/\/alhambra-entradas.demo.iacpospre.com\/en\/wp-json\/wp\/v2\/pages\/7939\/revisions"}],"predecessor-version":[{"id":8067,"href":"https:\/\/alhambra-entradas.demo.iacpospre.com\/en\/wp-json\/wp\/v2\/pages\/7939\/revisions\/8067"}],"wp:attachment":[{"href":"https:\/\/alhambra-entradas.demo.iacpospre.com\/en\/wp-json\/wp\/v2\/media?parent=7939"}],"curies":[{"name":"wp","href":"https:\/\/api.w.org\/{rel}","templated":true}]}}