{"id":11809,"date":"2021-11-18T11:21:20","date_gmt":"2021-11-18T10:21:20","guid":{"rendered":"https:\/\/alhambra-entradas.demo.iacpospre.com\/pour-vous-aider\/"},"modified":"2022-05-25T13:28:58","modified_gmt":"2022-05-25T11:28:58","slug":"pour-vous-aider","status":"publish","type":"page","link":"https:\/\/alhambra-entradas.demo.iacpospre.com\/fr\/pour-vous-aider\/","title":{"rendered":"Pour vous aider"},"content":{"rendered":"<p>[et_pb_section fb_built=\u00a0\u00bb1&Prime; _builder_version=\u00a0\u00bb4.15&Prime; _module_preset=\u00a0\u00bbdefault\u00a0\u00bb custom_padding=\u00a0\u00bb28px||0px|||\u00a0\u00bb global_colors_info=\u00a0\u00bb{}\u00a0\u00bb][et_pb_row _builder_version=\u00a0\u00bb4.15&Prime; _module_preset=\u00a0\u00bbdefault\u00a0\u00bb hover_enabled=\u00a0\u00bb0&Prime; global_colors_info=\u00a0\u00bb{}\u00a0\u00bb sticky_enabled=\u00a0\u00bb0&Prime; custom_padding=\u00a0\u00bb||11px|||\u00a0\u00bb][et_pb_column type=\u00a0\u00bb4_4&Prime; _builder_version=\u00a0\u00bb4.15&Prime; _module_preset=\u00a0\u00bbdefault\u00a0\u00bb global_colors_info=\u00a0\u00bb{}\u00a0\u00bb][et_pb_text _builder_version=\u00a0\u00bb4.15&Prime; _module_preset=\u00a0\u00bbdefault\u00a0\u00bb header_font=\u00a0\u00bbHallosans||||||||\u00a0\u00bb header_font_size=\u00a0\u00bb34px\u00a0\u00bb global_colors_info=\u00a0\u00bb{}\u00a0\u00bb]<\/p>\n<h1>Pour vous aider<\/h1>\n<p>[\/et_pb_text][\/et_pb_column][\/et_pb_row][\/et_pb_section][et_pb_section fb_built=\u00a0\u00bb1&Prime; _builder_version=\u00a0\u00bb4.15&Prime; _module_preset=\u00a0\u00bbdefault\u00a0\u00bb custom_padding=\u00a0\u00bb10px|||||\u00a0\u00bb global_colors_info=\u00a0\u00bb{}\u00a0\u00bb][et_pb_row _builder_version=\u00a0\u00bb4.15&Prime; _module_preset=\u00a0\u00bbdefault\u00a0\u00bb hover_enabled=\u00a0\u00bb0&Prime; global_colors_info=\u00a0\u00bb{}\u00a0\u00bb sticky_enabled=\u00a0\u00bb0&Prime; custom_padding=\u00a0\u00bb12px|||||\u00a0\u00bb][et_pb_column type=\u00a0\u00bb4_4&Prime; _builder_version=\u00a0\u00bb4.15&Prime; _module_preset=\u00a0\u00bbdefault\u00a0\u00bb global_colors_info=\u00a0\u00bb{}\u00a0\u00bb][et_pb_text _builder_version=\u00a0\u00bb4.15&Prime; _module_preset=\u00a0\u00bbdefault\u00a0\u00bb global_colors_info=\u00a0\u00bb{}\u00a0\u00bb]<\/p>\n<h3><strong>Conseils<\/strong><\/h3>\n<ul>\n<li>Il est conseill\u00e9 de faire la r\u00e9servation et d&rsquo;acheter les billets \u00e0 l&rsquo;avance et de pr\u00e9f\u00e9rence en ligne dans le syst\u00e8me de vente et de gestion des billets du Conseil d&rsquo;administration de l&rsquo;Alhambra et du Generalife, car le complexe monumental a une capacit\u00e9 limit\u00e9e.<\/li>\n<li>Les autres modes d&rsquo;acquisition des billets ne garantissent pas leur disponibilit\u00e9.<\/li>\n<li>Il est \u00e9tabli comme nouveaut\u00e9 dans le syst\u00e8me de r\u00e9servation et de vente en ligne que les billets pour les Palais Nasrides peuvent \u00eatre achet\u00e9s jusqu\u2019\u00e0 deux heures avant l&rsquo;heure de votre visite, sous r\u00e9serve de disponibilit\u00e9.<\/li>\n<li>Autre nouveaut\u00e9, l&rsquo;acquisition des billets se fera par pi\u00e8ce d&rsquo;identit\u00e9 ou passeport. Chaque visiteur doit avoir son billet, bien que l&rsquo;option de pouvoir l&rsquo;acqu\u00e9rir par un tiers soit possible.<\/li>\n<li>Les enfants de moins de 12 ans n&rsquo;ont pas besoin d&rsquo;une identification. Cependant, le titulaire de l&rsquo;achat devra fournir la sienne comme pi\u00e8ce d&rsquo;identit\u00e9 pour lui-m\u00eame et pour les mineurs.<\/li>\n<\/ul>\n<p>&nbsp;<\/p>\n<h3><strong>R\u00e8gles de visite<\/strong><\/h3>\n<pL'Alhambra est un site monumental d'une grande valeur historique, paysag\u00e8re et culturelle.<\/p>\n<p>L&rsquo;acquisition de l&rsquo;entr\u00e9e implique l&rsquo;acceptation d&rsquo;une s\u00e9rie de mesures pour concilier la protection du Monument et la visite publique. Parmi elles figurent les suivantes:<\/p>\n<ul>\n<li>Il est interdit d&rsquo;entrer avec des sacs \u00e0 dos de plus de 40 x 40 cm.<\/li>\n<li>Il est interdit d&rsquo;entrer dans les Palais Nasrides ou le Palais du Generalife avec des poussettes, elles devront \u00eatre d\u00e9pos\u00e9es dans la bagagerie.<\/li>\n<li>Il est interdit d&rsquo;utiliser la perche \u00e0 selfie, le flash ou le tr\u00e9pied dans les Palais Nasrides et les espaces clos.<\/li>\n<li>Mangez et buvez uniquement dans les espaces pr\u00e9vus \u00e0 cet effet.<\/li>\n<li>Suivez les instructions du personnel de s\u00e9curit\u00e9.<\/li>\n<\/ul>\n<h3><strong>Journ\u00e9e portes ouvertes<\/strong><\/h3>\n<p><strong><em>16 novembre Journ\u00e9e internationale du Patrimoine Mondial<\/em><\/strong><\/p>\n<p>Le conseil d&rsquo;administration de l&rsquo;Alhambra et du Generalife organise des activit\u00e9s culturelles et \u00e9ducatives gratuites, autant dans l&rsquo;ensemble monumental de l&rsquo;Alhambra que dans les monuments andalous.<\/p>\n<p>Cependant, pour ce jour-l\u00e0, une invitation sera fournie pour acc\u00e9der au monument.<\/p>\n<p>&nbsp;<\/p>\n<p>[\/et_pb_text][\/et_pb_column][\/et_pb_row][\/et_pb_section]<\/p>\n","protected":false},"excerpt":{"rendered":"<p>Pour vous aiderConseils Il est conseill\u00e9 de faire la r\u00e9servation et d&rsquo;acheter les billets \u00e0 l&rsquo;avance et de pr\u00e9f\u00e9rence en ligne dans le syst\u00e8me de vente et de gestion des billets du Conseil d&rsquo;administration de l&rsquo;Alhambra et du Generalife, car le complexe monumental a une capacit\u00e9 limit\u00e9e. Les autres modes d&rsquo;acquisition des billets ne garantissent [&hellip;]<\/p>\n","protected":false},"author":1,"featured_media":0,"parent":0,"menu_order":0,"comment_status":"closed","ping_status":"closed","template":"","meta":{"_acf_changed":false,"_et_pb_use_builder":"on","_et_pb_old_content":"","_et_gb_content_width":"","footnotes":""},"class_list":["post-11809","page","type-page","status-publish","hentry"],"acf":[],"yoast_head":"<!-- This site is optimized with the Yoast SEO plugin v27.4 - https:\/\/yoast.com\/product\/yoast-seo-wordpress\/ -->\n<title>Pour vous aider - Tickets Alhambra Patronato<\/title>\n<meta name=\"robots\" content=\"noindex, follow, max-snippet:-1, max-image-preview:large, max-video-preview:-1\" \/>\n<meta property=\"og:locale\" content=\"fr_FR\" \/>\n<meta property=\"og:type\" content=\"article\" \/>\n<meta property=\"og:title\" content=\"Pour vous aider - Tickets Alhambra Patronato\" \/>\n<meta property=\"og:description\" content=\"Pour vous aiderConseils Il est conseill\u00e9 de faire la r\u00e9servation et d&#039;acheter les billets \u00e0 l&#039;avance et de pr\u00e9f\u00e9rence en ligne dans le syst\u00e8me de vente et de gestion des billets du Conseil d&#039;administration de l&#039;Alhambra et du Generalife, car le complexe monumental a une capacit\u00e9 limit\u00e9e. Les autres modes d&#039;acquisition des billets ne garantissent [&hellip;]\" \/>\n<meta property=\"og:url\" content=\"https:\/\/alhambra-entradas.demo.iacpospre.com\/te-puede-ayudar\/\" \/>\n<meta property=\"og:site_name\" content=\"Tickets Alhambra Patronato\" \/>\n<meta property=\"article:modified_time\" content=\"2022-05-25T11:28:58+00:00\" \/>\n<meta name=\"twitter:card\" content=\"summary_large_image\" \/>\n<meta name=\"twitter:label1\" content=\"Dur\u00e9e de lecture estim\u00e9e\" \/>\n\t<meta name=\"twitter:data1\" content=\"2 minutes\" \/>\n<script type=\"application\/ld+json\" class=\"yoast-schema-graph\">{\"@context\":\"https:\\\/\\\/schema.org\",\"@graph\":[{\"@type\":\"WebPage\",\"@id\":\"https:\\\/\\\/alhambra-entradas.demo.iacpospre.com\\\/te-puede-ayudar\\\/\",\"url\":\"https:\\\/\\\/alhambra-entradas.demo.iacpospre.com\\\/te-puede-ayudar\\\/\",\"name\":\"Pour vous aider - Tickets Alhambra Patronato\",\"isPartOf\":{\"@id\":\"https:\\\/\\\/alhambra-entradas.demo.iacpospre.com\\\/#website\"},\"datePublished\":\"2021-11-18T10:21:20+00:00\",\"dateModified\":\"2022-05-25T11:28:58+00:00\",\"breadcrumb\":{\"@id\":\"https:\\\/\\\/alhambra-entradas.demo.iacpospre.com\\\/te-puede-ayudar\\\/#breadcrumb\"},\"inLanguage\":\"fr-FR\",\"potentialAction\":[{\"@type\":\"ReadAction\",\"target\":[\"https:\\\/\\\/alhambra-entradas.demo.iacpospre.com\\\/te-puede-ayudar\\\/\"]}]},{\"@type\":\"BreadcrumbList\",\"@id\":\"https:\\\/\\\/alhambra-entradas.demo.iacpospre.com\\\/te-puede-ayudar\\\/#breadcrumb\",\"itemListElement\":[{\"@type\":\"ListItem\",\"position\":1,\"name\":\"Portada\",\"item\":\"https:\\\/\\\/alhambra-entradas.demo.iacpospre.com\\\/fr\\\/\"},{\"@type\":\"ListItem\",\"position\":2,\"name\":\"Pour vous aider\"}]},{\"@type\":\"WebSite\",\"@id\":\"https:\\\/\\\/alhambra-entradas.demo.iacpospre.com\\\/#website\",\"url\":\"https:\\\/\\\/alhambra-entradas.demo.iacpospre.com\\\/\",\"name\":\"Tickets Alhambra Patronato\",\"description\":\"Compra de entradas Alhambra y Generalife\",\"potentialAction\":[{\"@type\":\"SearchAction\",\"target\":{\"@type\":\"EntryPoint\",\"urlTemplate\":\"https:\\\/\\\/alhambra-entradas.demo.iacpospre.com\\\/?s={search_term_string}\"},\"query-input\":{\"@type\":\"PropertyValueSpecification\",\"valueRequired\":true,\"valueName\":\"search_term_string\"}}],\"inLanguage\":\"fr-FR\"}]}<\/script>\n<!-- \/ Yoast SEO plugin. -->","yoast_head_json":{"title":"Pour vous aider - Tickets Alhambra Patronato","robots":{"index":"noindex","follow":"follow","max-snippet":"max-snippet:-1","max-image-preview":"max-image-preview:large","max-video-preview":"max-video-preview:-1"},"og_locale":"fr_FR","og_type":"article","og_title":"Pour vous aider - Tickets Alhambra Patronato","og_description":"Pour vous aiderConseils Il est conseill\u00e9 de faire la r\u00e9servation et d'acheter les billets \u00e0 l'avance et de pr\u00e9f\u00e9rence en ligne dans le syst\u00e8me de vente et de gestion des billets du Conseil d'administration de l'Alhambra et du Generalife, car le complexe monumental a une capacit\u00e9 limit\u00e9e. Les autres modes d'acquisition des billets ne garantissent [&hellip;]","og_url":"https:\/\/alhambra-entradas.demo.iacpospre.com\/te-puede-ayudar\/","og_site_name":"Tickets Alhambra Patronato","article_modified_time":"2022-05-25T11:28:58+00:00","twitter_card":"summary_large_image","twitter_misc":{"Dur\u00e9e de lecture estim\u00e9e":"2 minutes"},"schema":{"@context":"https:\/\/schema.org","@graph":[{"@type":"WebPage","@id":"https:\/\/alhambra-entradas.demo.iacpospre.com\/te-puede-ayudar\/","url":"https:\/\/alhambra-entradas.demo.iacpospre.com\/te-puede-ayudar\/","name":"Pour vous aider - Tickets Alhambra Patronato","isPartOf":{"@id":"https:\/\/alhambra-entradas.demo.iacpospre.com\/#website"},"datePublished":"2021-11-18T10:21:20+00:00","dateModified":"2022-05-25T11:28:58+00:00","breadcrumb":{"@id":"https:\/\/alhambra-entradas.demo.iacpospre.com\/te-puede-ayudar\/#breadcrumb"},"inLanguage":"fr-FR","potentialAction":[{"@type":"ReadAction","target":["https:\/\/alhambra-entradas.demo.iacpospre.com\/te-puede-ayudar\/"]}]},{"@type":"BreadcrumbList","@id":"https:\/\/alhambra-entradas.demo.iacpospre.com\/te-puede-ayudar\/#breadcrumb","itemListElement":[{"@type":"ListItem","position":1,"name":"Portada","item":"https:\/\/alhambra-entradas.demo.iacpospre.com\/fr\/"},{"@type":"ListItem","position":2,"name":"Pour vous aider"}]},{"@type":"WebSite","@id":"https:\/\/alhambra-entradas.demo.iacpospre.com\/#website","url":"https:\/\/alhambra-entradas.demo.iacpospre.com\/","name":"Tickets Alhambra Patronato","description":"Compra de entradas Alhambra y Generalife","potentialAction":[{"@type":"SearchAction","target":{"@type":"EntryPoint","urlTemplate":"https:\/\/alhambra-entradas.demo.iacpospre.com\/?s={search_term_string}"},"query-input":{"@type":"PropertyValueSpecification","valueRequired":true,"valueName":"search_term_string"}}],"inLanguage":"fr-FR"}]}},"_links":{"self":[{"href":"https:\/\/alhambra-entradas.demo.iacpospre.com\/fr\/wp-json\/wp\/v2\/pages\/11809","targetHints":{"allow":["GET"]}}],"collection":[{"href":"https:\/\/alhambra-entradas.demo.iacpospre.com\/fr\/wp-json\/wp\/v2\/pages"}],"about":[{"href":"https:\/\/alhambra-entradas.demo.iacpospre.com\/fr\/wp-json\/wp\/v2\/types\/page"}],"author":[{"embeddable":true,"href":"https:\/\/alhambra-entradas.demo.iacpospre.com\/fr\/wp-json\/wp\/v2\/users\/1"}],"replies":[{"embeddable":true,"href":"https:\/\/alhambra-entradas.demo.iacpospre.com\/fr\/wp-json\/wp\/v2\/comments?post=11809"}],"version-history":[{"count":2,"href":"https:\/\/alhambra-entradas.demo.iacpospre.com\/fr\/wp-json\/wp\/v2\/pages\/11809\/revisions"}],"predecessor-version":[{"id":11811,"href":"https:\/\/alhambra-entradas.demo.iacpospre.com\/fr\/wp-json\/wp\/v2\/pages\/11809\/revisions\/11811"}],"wp:attachment":[{"href":"https:\/\/alhambra-entradas.demo.iacpospre.com\/fr\/wp-json\/wp\/v2\/media?parent=11809"}],"curies":[{"name":"wp","href":"https:\/\/api.w.org\/{rel}","templated":true}]}}