{"id":12384,"date":"2022-01-20T12:56:33","date_gmt":"2022-01-20T11:56:33","guid":{"rendered":"https:\/\/alhambra-entradas.demo.iacpospre.com\/consentement\/"},"modified":"2022-06-16T14:42:33","modified_gmt":"2022-06-16T12:42:33","slug":"consentement","status":"publish","type":"page","link":"https:\/\/alhambra-entradas.demo.iacpospre.com\/fr\/consentement\/","title":{"rendered":"Consentement"},"content":{"rendered":"<p>[et_pb_section fb_built=\u00a0\u00bb1&Prime; admin_label=\u00a0\u00bbsection\u00a0\u00bb _builder_version=\u00a0\u00bb3.22&Prime; global_colors_info=\u00a0\u00bb{}\u00a0\u00bb][et_pb_row admin_label=\u00a0\u00bbrow\u00a0\u00bb _builder_version=\u00a0\u00bb3.25&Prime; background_size=\u00a0\u00bbinitial\u00a0\u00bb background_position=\u00a0\u00bbtop_left\u00a0\u00bb background_repeat=\u00a0\u00bbrepeat\u00a0\u00bb global_colors_info=\u00a0\u00bb{}\u00a0\u00bb][et_pb_column type=\u00a0\u00bb4_4&Prime; _builder_version=\u00a0\u00bb3.25&Prime; custom_padding=\u00a0\u00bb|||\u00a0\u00bb global_colors_info=\u00a0\u00bb{}\u00a0\u00bb custom_padding__hover=\u00a0\u00bb|||\u00a0\u00bb][et_pb_text admin_label=\u00a0\u00bbText\u00a0\u00bb _builder_version=\u00a0\u00bb3.27.4&Prime; background_size=\u00a0\u00bbinitial\u00a0\u00bb background_position=\u00a0\u00bbtop_left\u00a0\u00bb background_repeat=\u00a0\u00bbrepeat\u00a0\u00bb global_colors_info=\u00a0\u00bb{}\u00a0\u00bb]<\/p>\n<p><strong>CONSENTEMENT<\/strong><\/p>\n<p>RESPONSABLE\u00a0<\/p>\n<p><strong>Identit\u00e9:<\/strong><\/p>\n<p>PATRONATO DE LA ALHAMBRA Y GENERALIFE \u2013 CIF : Q1818001H, Adresse postale : C\/ Real de la Alhambra, s\/n \u2013 18009 \u2013 GRENADE \u2013 GRENADE. Courriel : lopd.pag@juntadeandalucia.es<\/p>\n<p><strong>Coordonn\u00e9es du d\u00e9l\u00e9gu\u00e9 de protection des donn\u00e9es<\/strong><\/p>\n<p>dpd.pag@juntadeandalucia.es<strong><\/strong><\/p>\n<p>&nbsp;<\/p>\n<p>OBJECTIFS<\/p>\n<p><strong>Description d\u00e9taill\u00e9e du\/des but(s) du traitement des donn\u00e9es personnelles :<\/strong><\/p>\n<p>Nous traiterons vos donn\u00e9es pour la gestion et le contr\u00f4le des activit\u00e9s culturelles, \u00e9ducatives, de recherche et de consultation, ainsi que celles d\u00e9riv\u00e9es du r\u00e8glement des visites publiques organis\u00e9es par le Conseil d&rsquo;administration de l&rsquo;Alhambra et du G\u00e9n\u00e9ralife et, en particulier, pour la gestion administrative et comptable et fiscalit\u00e9, s\u00e9curit\u00e9, statistiques et communication et diffusion de ceux-ci.<\/p>\n<p>PR\u00c9SERVATION<\/p>\n<p><strong>D\u00e9lais ou crit\u00e8res de conservation des donn\u00e9es :<\/strong><\/p>\n<p>Les donn\u00e9es personnelles fournies seront conserv\u00e9es tant que la relation avec l&rsquo;entit\u00e9 est maintenue et que sa suppression n&rsquo;est pas demand\u00e9e par l&rsquo;int\u00e9ress\u00e9, elles seront conserv\u00e9es conform\u00e9ment aux d\u00e9lais l\u00e9gaux \u00e9tablis en mati\u00e8re fiscale et comptable de 5 (cinq) ans, prenant comme r\u00e9f\u00e9rence la derni\u00e8re communication.<\/p>\n<p>D\u00c9CISIONS<\/p>\n<p><strong>D\u00e9cisions automatis\u00e9es, profils et logique appliqu\u00e9e :<\/strong><\/p>\n<p>LL\u2019entit\u00e9 NE prendra PAS de d\u00e9cisions, de profils ou de logique automatis\u00e9s appliqu\u00e9s \u00e0 vos donn\u00e9es.<\/p>\n<p>L\u00c9GITIMATION<\/p>\n<p><strong>L\u00e9gitimation par l&rsquo;ex\u00e9cution d&rsquo;un contrat :<\/strong><\/p>\n<p>En raison du fait que le traitement est n\u00e9cessaire \u00e0 l&rsquo;ex\u00e9cution d&rsquo;un contrat commercial, auquel vous \u00eates partie, il est pr\u00e9cis\u00e9 que le type de contrat en question est le contrat commercial de vente de billets susmentionn\u00e9.<\/p>\n<p>\u00c9tant donn\u00e9 que la communication de donn\u00e9es personnelles est une obligation l\u00e9gale ou contractuelle et une condition n\u00e9cessaire pour signer le contrat susmentionn\u00e9, l&rsquo;int\u00e9ress\u00e9 est inform\u00e9 qu&rsquo;il est tenu de fournir des donn\u00e9es personnelles, et de m\u00eame que les cons\u00e9quences de ne pas le faire peuvent entra\u00eener la non- fourniture du service demand\u00e9.<\/p>\n<p>DESTINATAIRES<\/p>\n<p>Pendant la dur\u00e9e du traitement, le Conseil d&rsquo;administration de l&rsquo;Alhambra et du G\u00e9n\u00e9ralife n&rsquo;effectuera aucune cession, sauf obligation l\u00e9gale, ni aucun transfert international. Les communications de donn\u00e9es seront effectu\u00e9es entre les processeurs de donn\u00e9es suivants avec lesquels les contrats de traitement de donn\u00e9es correspondants existent :<\/p>\n<p>SICOMORO SERVICIOS INTEGRALES, S.L. con NIF\/CIF U99493280<\/p>\n<p>DROITS<\/p>\n<p><strong>L&rsquo;int\u00e9ress\u00e9 peut exercer les droits suivants :<\/strong><\/p>\n<p>* Droit de demander l&rsquo;acc\u00e8s \u00e0 vos donn\u00e9es personnelles.<\/p>\n<p>* Droit de demander sa rectification ou sa suppression.<\/p>\n<p>* Droit de demander la limitation de son traitement.<\/p>\n<p>* Droit de s&rsquo;opposer au traitement.<\/p>\n<p>* Droit \u00e0 la portabilit\u00e9 des donn\u00e9es.<\/p>\n<p>* Droit de retirer le consentement donn\u00e9.<\/p>\n<p>Toute personne a le droit d&rsquo;obtenir la confirmation que l&rsquo;Entit\u00e9 traite ou non des donn\u00e9es \u00e0 caract\u00e8re personnel la concernant. Les personnes int\u00e9ress\u00e9es ont le droit d&rsquo;acc\u00e9der \u00e0 leurs donn\u00e9es personnelles, ainsi que de demander la rectification de donn\u00e9es inexactes ou, le cas \u00e9ch\u00e9ant, de demander leur suppression lorsque, entre autres raisons, les donn\u00e9es ne sont plus n\u00e9cessaires aux fins pour lesquelles elles ont \u00e9t\u00e9 collect\u00e9es.<\/p>\n<p>Dans certaines circonstances, les parties int\u00e9ress\u00e9es peuvent demander la limitation du traitement de leurs donn\u00e9es, auquel cas nous ne les conserverons que pour l&rsquo;exercice ou la d\u00e9fense de r\u00e9clamations. Dans certaines circonstances et pour des raisons li\u00e9es \u00e0 leur situation particuli\u00e8re, les int\u00e9ress\u00e9s peuvent s&rsquo;opposer au traitement de leurs donn\u00e9es. Dans ce cas, l&rsquo;entit\u00e9 cessera de traiter les donn\u00e9es, sauf pour des raisons l\u00e9gitimes imp\u00e9rieuses, ou l&rsquo;exercice ou la d\u00e9fense d&rsquo;\u00e9ventuelles r\u00e9clamations.<\/p>\n<p>Si vous accordez votre consentement \u00e0 une fin sp\u00e9cifique, vous avez le droit de retirer le consentement accord\u00e9 \u00e0 tout moment, sans affecter la l\u00e9galit\u00e9 du traitement bas\u00e9 sur le consentement avant son retrait.<\/p>\n<p>Pour ce faire, vous pouvez utiliser les formulaires fournis par l&rsquo;entit\u00e9, ou \u00e9crire au PATRONATO DE LA ALHAMBRA Y GENERALIFE avec NIF\/CIF Q1818001H, et si\u00e8ge social \u00e0 C\/ Real de la Alhambra, s\/n \u2013 18009 \u2013 GRANADA \u2013 GRANADA . Email : lopd.pag@juntadeandalucia.es<\/p>\n<p>Dans le cas o\u00f9 vous estimeriez que vos droits ont \u00e9t\u00e9 viol\u00e9s au regard de la protection de vos donn\u00e9es personnelles, notamment lorsque vous n&rsquo;avez pas obtenu satisfaction dans l&rsquo;exercice de vos droits, vous pouvez introduire une r\u00e9clamation aupr\u00e8s de l&rsquo;Autorit\u00e9 de Contr\u00f4le de la Protection des Donn\u00e9es comp\u00e9tente, le Conseil pour la Transparence et la Protection des Donn\u00e9es d&rsquo;Andalousie, via son site Web https:\/\/www.ctpdandalucia.es\/<\/p>\n<p>ORIGINE DES DONN\u00c9ES<\/p>\n<p>Les donn\u00e9es personnelles que nous traitons au Conseil d&rsquo;administration de l&rsquo;Alhambra et du Generalife proviennent directement de vous :<\/p>\n<p><strong>Les cat\u00e9gories de donn\u00e9es trait\u00e9es sont :<\/strong><\/p>\n<p>&#8211; Donn\u00e9es d&rsquo;identification<\/p>\n<p>&#8211; Adresses postales ou \u00e9lectroniques<\/p>\n<p>&#8211; Informations commerciales<\/p>\n<p>&#8211; Donn\u00e9es \u00e9conomiques<\/p>\n<p>CONSENTEMENT<\/p>\n<p>Le but et l&rsquo;utilisation pr\u00e9vue des donn\u00e9es elles-m\u00eames et de leur traitement est de fournir le service demand\u00e9. Dans le formulaire, vous avez pu accepter les finalit\u00e9s ou traitements de cat\u00e9gories particuli\u00e8res de donn\u00e9es, en cochant la case correspondante, gardez \u00e0 l&rsquo;esprit que certaines finalit\u00e9s ou traitements peuvent \u00eatre n\u00e9cessaires pour pouvoir fournir le service demand\u00e9, en cas de NE cochant PAS ces cases, le service associ\u00e9 ne peut pas \u00eatre fourni. Les options qui ont \u00e9t\u00e9 indiqu\u00e9es sont les suivantes :<\/p>\n<p>( X ) Je consens \u00e0 l&rsquo;envoi d&rsquo;informations sur les activit\u00e9s culturelles organis\u00e9es par le Conseil d&rsquo;administration de l&rsquo;Alhambra et du Generalife.<\/p>\n<p>Si vous avez donn\u00e9 votre consentement dans un but pr\u00e9cis, vous avez le droit de retirer le consentement accord\u00e9 \u00e0 tout moment, sans affecter la l\u00e9galit\u00e9 du traitement fond\u00e9 sur le consentement avant son retrait.<\/p>\n<p>&nbsp;<\/p>\n<p>[\/et_pb_text][\/et_pb_column][\/et_pb_row][\/et_pb_section]<\/p>\n","protected":false},"excerpt":{"rendered":"<p>CONSENTEMENT RESPONSABLE\u00a0 Identit\u00e9: PATRONATO DE LA ALHAMBRA Y GENERALIFE \u2013 CIF : Q1818001H, Adresse postale : C\/ Real de la Alhambra, s\/n \u2013 18009 \u2013 GRENADE \u2013 GRENADE. Courriel : lopd.pag@juntadeandalucia.es Coordonn\u00e9es du d\u00e9l\u00e9gu\u00e9 de protection des donn\u00e9es dpd.pag@juntadeandalucia.es &nbsp; OBJECTIFS Description d\u00e9taill\u00e9e du\/des but(s) du traitement des donn\u00e9es personnelles : Nous traiterons vos donn\u00e9es [&hellip;]<\/p>\n","protected":false},"author":1,"featured_media":0,"parent":0,"menu_order":0,"comment_status":"closed","ping_status":"closed","template":"","meta":{"_acf_changed":false,"_et_pb_use_builder":"on","_et_pb_old_content":"","_et_gb_content_width":"","footnotes":""},"class_list":["post-12384","page","type-page","status-publish","hentry"],"acf":[],"yoast_head":"<!-- This site is optimized with the Yoast SEO plugin v27.4 - https:\/\/yoast.com\/product\/yoast-seo-wordpress\/ -->\n<title>Consentement - Tickets Alhambra Patronato<\/title>\n<meta name=\"robots\" content=\"noindex, follow, max-snippet:-1, max-image-preview:large, max-video-preview:-1\" \/>\n<meta property=\"og:locale\" content=\"fr_FR\" \/>\n<meta property=\"og:type\" content=\"article\" \/>\n<meta property=\"og:title\" content=\"Consentement - Tickets Alhambra Patronato\" \/>\n<meta property=\"og:description\" content=\"CONSENTEMENT RESPONSABLE\u00a0 Identit\u00e9: PATRONATO DE LA ALHAMBRA Y GENERALIFE \u2013 CIF : Q1818001H, Adresse postale : C\/ Real de la Alhambra, s\/n \u2013 18009 \u2013 GRENADE \u2013 GRENADE. Courriel : lopd.pag@juntadeandalucia.es Coordonn\u00e9es du d\u00e9l\u00e9gu\u00e9 de protection des donn\u00e9es dpd.pag@juntadeandalucia.es &nbsp; OBJECTIFS Description d\u00e9taill\u00e9e du\/des but(s) du traitement des donn\u00e9es personnelles : Nous traiterons vos donn\u00e9es [&hellip;]\" \/>\n<meta property=\"og:url\" content=\"https:\/\/alhambra-entradas.demo.iacpospre.com\/it\/consenso\/\" \/>\n<meta property=\"og:site_name\" content=\"Tickets Alhambra Patronato\" \/>\n<meta property=\"article:modified_time\" content=\"2022-06-16T12:42:33+00:00\" \/>\n<meta name=\"twitter:card\" content=\"summary_large_image\" \/>\n<meta name=\"twitter:label1\" content=\"Dur\u00e9e de lecture estim\u00e9e\" \/>\n\t<meta name=\"twitter:data1\" content=\"5 minutes\" \/>\n<script type=\"application\/ld+json\" class=\"yoast-schema-graph\">{\"@context\":\"https:\\\/\\\/schema.org\",\"@graph\":[{\"@type\":\"WebPage\",\"@id\":\"https:\\\/\\\/alhambra-entradas.demo.iacpospre.com\\\/it\\\/consenso\\\/\",\"url\":\"https:\\\/\\\/alhambra-entradas.demo.iacpospre.com\\\/it\\\/consenso\\\/\",\"name\":\"Consentement - Tickets Alhambra Patronato\",\"isPartOf\":{\"@id\":\"https:\\\/\\\/alhambra-entradas.demo.iacpospre.com\\\/#website\"},\"datePublished\":\"2022-01-20T11:56:33+00:00\",\"dateModified\":\"2022-06-16T12:42:33+00:00\",\"breadcrumb\":{\"@id\":\"https:\\\/\\\/alhambra-entradas.demo.iacpospre.com\\\/it\\\/consenso\\\/#breadcrumb\"},\"inLanguage\":\"fr-FR\",\"potentialAction\":[{\"@type\":\"ReadAction\",\"target\":[\"https:\\\/\\\/alhambra-entradas.demo.iacpospre.com\\\/it\\\/consenso\\\/\"]}]},{\"@type\":\"BreadcrumbList\",\"@id\":\"https:\\\/\\\/alhambra-entradas.demo.iacpospre.com\\\/it\\\/consenso\\\/#breadcrumb\",\"itemListElement\":[{\"@type\":\"ListItem\",\"position\":1,\"name\":\"Portada\",\"item\":\"https:\\\/\\\/alhambra-entradas.demo.iacpospre.com\\\/fr\\\/\"},{\"@type\":\"ListItem\",\"position\":2,\"name\":\"Consentement\"}]},{\"@type\":\"WebSite\",\"@id\":\"https:\\\/\\\/alhambra-entradas.demo.iacpospre.com\\\/#website\",\"url\":\"https:\\\/\\\/alhambra-entradas.demo.iacpospre.com\\\/\",\"name\":\"Tickets Alhambra Patronato\",\"description\":\"Compra de entradas Alhambra y Generalife\",\"potentialAction\":[{\"@type\":\"SearchAction\",\"target\":{\"@type\":\"EntryPoint\",\"urlTemplate\":\"https:\\\/\\\/alhambra-entradas.demo.iacpospre.com\\\/?s={search_term_string}\"},\"query-input\":{\"@type\":\"PropertyValueSpecification\",\"valueRequired\":true,\"valueName\":\"search_term_string\"}}],\"inLanguage\":\"fr-FR\"}]}<\/script>\n<!-- \/ Yoast SEO plugin. -->","yoast_head_json":{"title":"Consentement - Tickets Alhambra Patronato","robots":{"index":"noindex","follow":"follow","max-snippet":"max-snippet:-1","max-image-preview":"max-image-preview:large","max-video-preview":"max-video-preview:-1"},"og_locale":"fr_FR","og_type":"article","og_title":"Consentement - Tickets Alhambra Patronato","og_description":"CONSENTEMENT RESPONSABLE\u00a0 Identit\u00e9: PATRONATO DE LA ALHAMBRA Y GENERALIFE \u2013 CIF : Q1818001H, Adresse postale : C\/ Real de la Alhambra, s\/n \u2013 18009 \u2013 GRENADE \u2013 GRENADE. Courriel : lopd.pag@juntadeandalucia.es Coordonn\u00e9es du d\u00e9l\u00e9gu\u00e9 de protection des donn\u00e9es dpd.pag@juntadeandalucia.es &nbsp; OBJECTIFS Description d\u00e9taill\u00e9e du\/des but(s) du traitement des donn\u00e9es personnelles : Nous traiterons vos donn\u00e9es [&hellip;]","og_url":"https:\/\/alhambra-entradas.demo.iacpospre.com\/it\/consenso\/","og_site_name":"Tickets Alhambra Patronato","article_modified_time":"2022-06-16T12:42:33+00:00","twitter_card":"summary_large_image","twitter_misc":{"Dur\u00e9e de lecture estim\u00e9e":"5 minutes"},"schema":{"@context":"https:\/\/schema.org","@graph":[{"@type":"WebPage","@id":"https:\/\/alhambra-entradas.demo.iacpospre.com\/it\/consenso\/","url":"https:\/\/alhambra-entradas.demo.iacpospre.com\/it\/consenso\/","name":"Consentement - Tickets Alhambra Patronato","isPartOf":{"@id":"https:\/\/alhambra-entradas.demo.iacpospre.com\/#website"},"datePublished":"2022-01-20T11:56:33+00:00","dateModified":"2022-06-16T12:42:33+00:00","breadcrumb":{"@id":"https:\/\/alhambra-entradas.demo.iacpospre.com\/it\/consenso\/#breadcrumb"},"inLanguage":"fr-FR","potentialAction":[{"@type":"ReadAction","target":["https:\/\/alhambra-entradas.demo.iacpospre.com\/it\/consenso\/"]}]},{"@type":"BreadcrumbList","@id":"https:\/\/alhambra-entradas.demo.iacpospre.com\/it\/consenso\/#breadcrumb","itemListElement":[{"@type":"ListItem","position":1,"name":"Portada","item":"https:\/\/alhambra-entradas.demo.iacpospre.com\/fr\/"},{"@type":"ListItem","position":2,"name":"Consentement"}]},{"@type":"WebSite","@id":"https:\/\/alhambra-entradas.demo.iacpospre.com\/#website","url":"https:\/\/alhambra-entradas.demo.iacpospre.com\/","name":"Tickets Alhambra Patronato","description":"Compra de entradas Alhambra y Generalife","potentialAction":[{"@type":"SearchAction","target":{"@type":"EntryPoint","urlTemplate":"https:\/\/alhambra-entradas.demo.iacpospre.com\/?s={search_term_string}"},"query-input":{"@type":"PropertyValueSpecification","valueRequired":true,"valueName":"search_term_string"}}],"inLanguage":"fr-FR"}]}},"_links":{"self":[{"href":"https:\/\/alhambra-entradas.demo.iacpospre.com\/fr\/wp-json\/wp\/v2\/pages\/12384","targetHints":{"allow":["GET"]}}],"collection":[{"href":"https:\/\/alhambra-entradas.demo.iacpospre.com\/fr\/wp-json\/wp\/v2\/pages"}],"about":[{"href":"https:\/\/alhambra-entradas.demo.iacpospre.com\/fr\/wp-json\/wp\/v2\/types\/page"}],"author":[{"embeddable":true,"href":"https:\/\/alhambra-entradas.demo.iacpospre.com\/fr\/wp-json\/wp\/v2\/users\/1"}],"replies":[{"embeddable":true,"href":"https:\/\/alhambra-entradas.demo.iacpospre.com\/fr\/wp-json\/wp\/v2\/comments?post=12384"}],"version-history":[{"count":2,"href":"https:\/\/alhambra-entradas.demo.iacpospre.com\/fr\/wp-json\/wp\/v2\/pages\/12384\/revisions"}],"predecessor-version":[{"id":12386,"href":"https:\/\/alhambra-entradas.demo.iacpospre.com\/fr\/wp-json\/wp\/v2\/pages\/12384\/revisions\/12386"}],"wp:attachment":[{"href":"https:\/\/alhambra-entradas.demo.iacpospre.com\/fr\/wp-json\/wp\/v2\/media?parent=12384"}],"curies":[{"name":"wp","href":"https:\/\/api.w.org\/{rel}","templated":true}]}}