{"id":11600,"date":"2017-08-20T09:15:43","date_gmt":"2017-08-20T07:15:43","guid":{"rendered":"https:\/\/alhambra-entradas.demo.iacpospre.com\/note-legale\/"},"modified":"2022-06-17T13:36:29","modified_gmt":"2022-06-17T11:36:29","slug":"nota-legale","status":"publish","type":"page","link":"https:\/\/alhambra-entradas.demo.iacpospre.com\/it\/nota-legale\/","title":{"rendered":"Nota legale"},"content":{"rendered":"<p>[et_pb_section fb_built=&#8221;1&#8243; _builder_version=&#8221;4.15&#8243; _module_preset=&#8221;default&#8221; custom_padding=&#8221;31px||12px|||&#8221; global_colors_info=&#8221;{}&#8221;][et_pb_row _builder_version=&#8221;4.15&#8243; _module_preset=&#8221;default&#8221; custom_padding=&#8221;||1px|||&#8221; global_colors_info=&#8221;{}&#8221;][et_pb_column type=&#8221;4_4&#8243; _builder_version=&#8221;4.15&#8243; _module_preset=&#8221;default&#8221; global_colors_info=&#8221;{}&#8221;][et_pb_text _builder_version=&#8221;4.15&#8243; _module_preset=&#8221;default&#8221; header_font=&#8221;Hallosans||||||||&#8221; header_font_size=&#8221;34px&#8221; global_colors_info=&#8221;{}&#8221;]<\/p>\n<h1>Nota legale <\/h1>\n<p>[\/et_pb_text][\/et_pb_column][\/et_pb_row][\/et_pb_section][et_pb_section fb_built=&#8221;1&#8243; admin_label=&#8221;section&#8221; _builder_version=&#8221;4.15&#8243; custom_padding=&#8221;9px|||||&#8221; global_colors_info=&#8221;{}&#8221; custom_margin=&#8221;-5px|||||&#8221;][et_pb_row admin_label=&#8221;row&#8221; _builder_version=&#8221;4.15&#8243; background_size=&#8221;initial&#8221; background_position=&#8221;top_left&#8221; background_repeat=&#8221;repeat&#8221; global_colors_info=&#8221;{}&#8221; custom_padding=&#8221;12px|||||&#8221;][et_pb_column type=&#8221;4_4&#8243; _builder_version=&#8221;4.15&#8243; custom_padding=&#8221;|||&#8221; global_colors_info=&#8221;{}&#8221; custom_padding__hover=&#8221;|||&#8221;][et_pb_text admin_label=&#8221;Text&#8221; _builder_version=&#8221;4.15&#8243; background_size=&#8221;initial&#8221; background_position=&#8221;top_left&#8221; background_repeat=&#8221;repeat&#8221; global_colors_info=&#8221;{}&#8221;]<\/p>\n<p>DIRITTI RISERVATI AL CONSIGLIO DI FONDAZIONE DELL&#8217;ALHAMBRA<\/p>\n<p>Il sottodominio www.tickets.alhambra-patronato.es \u00e8 di propriet\u00e0 di <\/p>\n<p>Consiglio di fondazione dell&#8217;Alhambra e del Generalife <\/p>\n<p>CIF: Q-1818001-H<\/p>\n<p>C\/ Real de la Alhambra, s\/n 18009 GRANATA  SPAGNA <\/p>\n<p>Telf.: +34 958 027900 FAX: +34 958 027950<\/p>\n<p>lopd.pag(at)juntadeandalucia.es <\/p>\n<p>RACCOLTA DATI STATISTICI <\/p>\n<ol>\n<li>Questo sito Web non raccoglie n\u00e9 memorizza i dati personali dei suoi visitatori. Esclusivamente, al fine di offrire all&#8217;utente il miglior servizio attraverso questa pagina, e al fine di facilitarne l&#8217;utilizzo, vengono analizzati il numero di pagine visitate, il numero di visite, l&#8217;attivit\u00e0 dei visitatori del sito e la loro frequenza di utilizzo. Con questa informativa viene analizzata la frequenza di utilizzo del Sito del Consiglio di fondazione dell&#8217;Alhambra in base ai dati di connessione e alle sezioni pi\u00f9 visitate. Il Consiglio di fondazione dell&#8217;Alhambra e del Generalife non utilizza i cookie per raccogliere informazioni sugli utenti dal proprio sito Web, n\u00e9 registra i loro indirizzi IP. <\/li>\n<li>Questo sito web e tutti i suoi contenuti, inclusi testi, immagini, suoni e qualsiasi altro materiale, sono protetti dai diritti di propriet\u00e0 intellettuale di propriet\u00e0 del Consiglio di fondazione dell&#8217;Alhambra <\/li>\n<li>Non \u00e8 consentita la modifica, la riproduzione, la trasformazione, la distribuzione, la comunicazione pubblica e, in generale, qualsiasi altra forma di sfruttamento parziale o totale del sito web. Tali atti di sfruttamento potranno essere compiuti solo in virt\u00f9 dell&#8217;espressa autorizzazione del Consiglio di fondazione dell&#8217;Alhambra e, in ogni caso, dovranno fare esplicito riferimento alla titolarit\u00e0 dei predetti diritti di propriet\u00e0 intellettuale. L&#8217;uso improprio o non autorizzato delle informazioni contenute in questo sito dar\u00e0 luogo alle azioni che corrispondono legalmente a detta Amministrazione e, se del caso, alle responsabilit\u00e0 che derivano da tale esercizio. <\/li>\n<li>IL Consiglio di fondazione dell&#8217;Alhambra si riserva il diritto di modificare i contenuti del sito, senza preavviso e senza alcun tipo di limitazione, declinando ogni responsabilit\u00e0 per eventuali danni che dovessero derivare per mancanza di disponibilit\u00e0 e\/o continuit\u00e0 di questo sito web e dei servizi in esso offerti. <\/li>\n<li>IL Consiglio di fondazione dell&#8217;Alhambra non \u00e8 responsabile per alcuna conseguenza, danno o pregiudizio che possa derivare dall&#8217;accesso al sito o dall&#8217;utilizzo delle informazioni, ad eccezione di tutti quegli atti che derivano dall&#8217;applicazione delle disposizioni di legge a il che deve essere presentato nell&#8217;esercizio rigoroso dei suoi poteri. <\/li>\n<\/ol>\n<p>[\/et_pb_text][\/et_pb_column][\/et_pb_row][\/et_pb_section]<\/p>\n","protected":false},"excerpt":{"rendered":"<p>Nota legale DIRITTI RISERVATI AL CONSIGLIO DI FONDAZIONE DELL&#8217;ALHAMBRA Il sottodominio www.tickets.alhambra-patronato.es \u00e8 di propriet\u00e0 di Consiglio di fondazione dell&#8217;Alhambra e del Generalife CIF: Q-1818001-H C\/ Real de la Alhambra, s\/n 18009 GRANATA SPAGNA Telf.: +34 958 027900 FAX: +34 958 027950 lopd.pag(at)juntadeandalucia.es RACCOLTA DATI STATISTICI Questo sito Web non raccoglie n\u00e9 memorizza i dati [&hellip;]<\/p>\n","protected":false},"author":1,"featured_media":0,"parent":0,"menu_order":0,"comment_status":"closed","ping_status":"closed","template":"","meta":{"_acf_changed":false,"_et_pb_use_builder":"on","_et_pb_old_content":"","_et_gb_content_width":"","footnotes":""},"class_list":["post-11600","page","type-page","status-publish","hentry"],"acf":[],"yoast_head":"<!-- This site is optimized with the Yoast SEO plugin v27.4 - https:\/\/yoast.com\/product\/yoast-seo-wordpress\/ -->\n<title>Nota legale - Tickets Alhambra Patronato<\/title>\n<meta name=\"robots\" content=\"noindex, follow, max-snippet:-1, max-image-preview:large, max-video-preview:-1\" \/>\n<meta property=\"og:locale\" content=\"it_IT\" \/>\n<meta property=\"og:type\" content=\"article\" \/>\n<meta property=\"og:title\" content=\"Nota legale - Tickets Alhambra Patronato\" \/>\n<meta property=\"og:description\" content=\"Nota legale DIRITTI RISERVATI AL CONSIGLIO DI FONDAZIONE DELL&#039;ALHAMBRA Il sottodominio www.tickets.alhambra-patronato.es \u00e8 di propriet\u00e0 di Consiglio di fondazione dell&#039;Alhambra e del Generalife CIF: Q-1818001-H C\/ Real de la Alhambra, s\/n 18009 GRANATA SPAGNA Telf.: +34 958 027900 FAX: +34 958 027950 lopd.pag(at)juntadeandalucia.es RACCOLTA DATI STATISTICI Questo sito Web non raccoglie n\u00e9 memorizza i dati [&hellip;]\" \/>\n<meta property=\"og:url\" content=\"https:\/\/alhambra-entradas.demo.iacpospre.com\/it\/nota-legale\/\" \/>\n<meta property=\"og:site_name\" content=\"Tickets Alhambra Patronato\" \/>\n<meta property=\"article:modified_time\" content=\"2022-06-17T11:36:29+00:00\" \/>\n<meta name=\"twitter:card\" content=\"summary_large_image\" \/>\n<meta name=\"twitter:label1\" content=\"Tempo di lettura stimato\" \/>\n\t<meta name=\"twitter:data1\" content=\"3 minuti\" \/>\n<script type=\"application\/ld+json\" class=\"yoast-schema-graph\">{\"@context\":\"https:\\\/\\\/schema.org\",\"@graph\":[{\"@type\":\"WebPage\",\"@id\":\"https:\\\/\\\/alhambra-entradas.demo.iacpospre.com\\\/it\\\/nota-legale\\\/\",\"url\":\"https:\\\/\\\/alhambra-entradas.demo.iacpospre.com\\\/it\\\/nota-legale\\\/\",\"name\":\"Nota legale - Tickets Alhambra Patronato\",\"isPartOf\":{\"@id\":\"https:\\\/\\\/alhambra-entradas.demo.iacpospre.com\\\/#website\"},\"datePublished\":\"2017-08-20T07:15:43+00:00\",\"dateModified\":\"2022-06-17T11:36:29+00:00\",\"breadcrumb\":{\"@id\":\"https:\\\/\\\/alhambra-entradas.demo.iacpospre.com\\\/it\\\/nota-legale\\\/#breadcrumb\"},\"inLanguage\":\"it-IT\",\"potentialAction\":[{\"@type\":\"ReadAction\",\"target\":[\"https:\\\/\\\/alhambra-entradas.demo.iacpospre.com\\\/it\\\/nota-legale\\\/\"]}]},{\"@type\":\"BreadcrumbList\",\"@id\":\"https:\\\/\\\/alhambra-entradas.demo.iacpospre.com\\\/it\\\/nota-legale\\\/#breadcrumb\",\"itemListElement\":[{\"@type\":\"ListItem\",\"position\":1,\"name\":\"Portada\",\"item\":\"https:\\\/\\\/alhambra-entradas.demo.iacpospre.com\\\/it\\\/\"},{\"@type\":\"ListItem\",\"position\":2,\"name\":\"Nota legale\"}]},{\"@type\":\"WebSite\",\"@id\":\"https:\\\/\\\/alhambra-entradas.demo.iacpospre.com\\\/#website\",\"url\":\"https:\\\/\\\/alhambra-entradas.demo.iacpospre.com\\\/\",\"name\":\"Tickets Alhambra Patronato\",\"description\":\"Compra de entradas Alhambra y Generalife\",\"potentialAction\":[{\"@type\":\"SearchAction\",\"target\":{\"@type\":\"EntryPoint\",\"urlTemplate\":\"https:\\\/\\\/alhambra-entradas.demo.iacpospre.com\\\/?s={search_term_string}\"},\"query-input\":{\"@type\":\"PropertyValueSpecification\",\"valueRequired\":true,\"valueName\":\"search_term_string\"}}],\"inLanguage\":\"it-IT\"}]}<\/script>\n<!-- \/ Yoast SEO plugin. -->","yoast_head_json":{"title":"Nota legale - Tickets Alhambra Patronato","robots":{"index":"noindex","follow":"follow","max-snippet":"max-snippet:-1","max-image-preview":"max-image-preview:large","max-video-preview":"max-video-preview:-1"},"og_locale":"it_IT","og_type":"article","og_title":"Nota legale - Tickets Alhambra Patronato","og_description":"Nota legale DIRITTI RISERVATI AL CONSIGLIO DI FONDAZIONE DELL'ALHAMBRA Il sottodominio www.tickets.alhambra-patronato.es \u00e8 di propriet\u00e0 di Consiglio di fondazione dell'Alhambra e del Generalife CIF: Q-1818001-H C\/ Real de la Alhambra, s\/n 18009 GRANATA SPAGNA Telf.: +34 958 027900 FAX: +34 958 027950 lopd.pag(at)juntadeandalucia.es RACCOLTA DATI STATISTICI Questo sito Web non raccoglie n\u00e9 memorizza i dati [&hellip;]","og_url":"https:\/\/alhambra-entradas.demo.iacpospre.com\/it\/nota-legale\/","og_site_name":"Tickets Alhambra Patronato","article_modified_time":"2022-06-17T11:36:29+00:00","twitter_card":"summary_large_image","twitter_misc":{"Tempo di lettura stimato":"3 minuti"},"schema":{"@context":"https:\/\/schema.org","@graph":[{"@type":"WebPage","@id":"https:\/\/alhambra-entradas.demo.iacpospre.com\/it\/nota-legale\/","url":"https:\/\/alhambra-entradas.demo.iacpospre.com\/it\/nota-legale\/","name":"Nota legale - Tickets Alhambra Patronato","isPartOf":{"@id":"https:\/\/alhambra-entradas.demo.iacpospre.com\/#website"},"datePublished":"2017-08-20T07:15:43+00:00","dateModified":"2022-06-17T11:36:29+00:00","breadcrumb":{"@id":"https:\/\/alhambra-entradas.demo.iacpospre.com\/it\/nota-legale\/#breadcrumb"},"inLanguage":"it-IT","potentialAction":[{"@type":"ReadAction","target":["https:\/\/alhambra-entradas.demo.iacpospre.com\/it\/nota-legale\/"]}]},{"@type":"BreadcrumbList","@id":"https:\/\/alhambra-entradas.demo.iacpospre.com\/it\/nota-legale\/#breadcrumb","itemListElement":[{"@type":"ListItem","position":1,"name":"Portada","item":"https:\/\/alhambra-entradas.demo.iacpospre.com\/it\/"},{"@type":"ListItem","position":2,"name":"Nota legale"}]},{"@type":"WebSite","@id":"https:\/\/alhambra-entradas.demo.iacpospre.com\/#website","url":"https:\/\/alhambra-entradas.demo.iacpospre.com\/","name":"Tickets Alhambra Patronato","description":"Compra de entradas Alhambra y Generalife","potentialAction":[{"@type":"SearchAction","target":{"@type":"EntryPoint","urlTemplate":"https:\/\/alhambra-entradas.demo.iacpospre.com\/?s={search_term_string}"},"query-input":{"@type":"PropertyValueSpecification","valueRequired":true,"valueName":"search_term_string"}}],"inLanguage":"it-IT"}]}},"_links":{"self":[{"href":"https:\/\/alhambra-entradas.demo.iacpospre.com\/it\/wp-json\/wp\/v2\/pages\/11600","targetHints":{"allow":["GET"]}}],"collection":[{"href":"https:\/\/alhambra-entradas.demo.iacpospre.com\/it\/wp-json\/wp\/v2\/pages"}],"about":[{"href":"https:\/\/alhambra-entradas.demo.iacpospre.com\/it\/wp-json\/wp\/v2\/types\/page"}],"author":[{"embeddable":true,"href":"https:\/\/alhambra-entradas.demo.iacpospre.com\/it\/wp-json\/wp\/v2\/users\/1"}],"replies":[{"embeddable":true,"href":"https:\/\/alhambra-entradas.demo.iacpospre.com\/it\/wp-json\/wp\/v2\/comments?post=11600"}],"version-history":[{"count":5,"href":"https:\/\/alhambra-entradas.demo.iacpospre.com\/it\/wp-json\/wp\/v2\/pages\/11600\/revisions"}],"predecessor-version":[{"id":12321,"href":"https:\/\/alhambra-entradas.demo.iacpospre.com\/it\/wp-json\/wp\/v2\/pages\/11600\/revisions\/12321"}],"wp:attachment":[{"href":"https:\/\/alhambra-entradas.demo.iacpospre.com\/it\/wp-json\/wp\/v2\/media?parent=11600"}],"curies":[{"name":"wp","href":"https:\/\/api.w.org\/{rel}","templated":true}]}}