{"id":11603,"date":"2021-11-18T11:21:20","date_gmt":"2021-11-18T10:21:20","guid":{"rendered":"https:\/\/alhambra-entradas.demo.iacpospre.com\/consigli-utili\/"},"modified":"2022-05-16T13:40:07","modified_gmt":"2022-05-16T11:40:07","slug":"consigli-utili","status":"publish","type":"page","link":"https:\/\/alhambra-entradas.demo.iacpospre.com\/it\/consigli-utili\/","title":{"rendered":"Consigli utili"},"content":{"rendered":"<p>[et_pb_section fb_built=&#8221;1&#8243; _builder_version=&#8221;4.15&#8243; _module_preset=&#8221;default&#8221; custom_padding=&#8221;28px||0px|||&#8221; global_colors_info=&#8221;{}&#8221;][et_pb_row _builder_version=&#8221;4.15&#8243; _module_preset=&#8221;default&#8221; hover_enabled=&#8221;0&#8243; global_colors_info=&#8221;{}&#8221; sticky_enabled=&#8221;0&#8243; custom_padding=&#8221;||11px|||&#8221;][et_pb_column type=&#8221;4_4&#8243; _builder_version=&#8221;4.15&#8243; _module_preset=&#8221;default&#8221; global_colors_info=&#8221;{}&#8221;][et_pb_text _builder_version=&#8221;4.15&#8243; _module_preset=&#8221;default&#8221; header_font=&#8221;Hallosans||||||||&#8221; header_font_size=&#8221;34px&#8221; global_colors_info=&#8221;{}&#8221;]<\/p>\n<h1>Consigli utili <\/h1>\n<p>[\/et_pb_text][\/et_pb_column][\/et_pb_row][\/et_pb_section][et_pb_section fb_built=&#8221;1&#8243; _builder_version=&#8221;4.15&#8243; _module_preset=&#8221;default&#8221; custom_padding=&#8221;10px|||||&#8221; global_colors_info=&#8221;{}&#8221;][et_pb_row _builder_version=&#8221;4.15&#8243; _module_preset=&#8221;default&#8221; hover_enabled=&#8221;0&#8243; global_colors_info=&#8221;{}&#8221; sticky_enabled=&#8221;0&#8243; custom_padding=&#8221;12px|||||&#8221;][et_pb_column type=&#8221;4_4&#8243; _builder_version=&#8221;4.15&#8243; _module_preset=&#8221;default&#8221; global_colors_info=&#8221;{}&#8221;][et_pb_text _builder_version=&#8221;4.15&#8243; _module_preset=&#8221;default&#8221; global_colors_info=&#8221;{}&#8221;]<\/p>\n<h3><strong>Consigli e raccomandazioni <\/strong><\/h3>\n<ul>\n<li>A causa della limitata capienza del Complesso Monumentale, si consiglia di acquistare i biglietti in anticipo, e preferibilmente online, nel sistema di gestione e acquisto biglietti del Consiglio dell&#8217;Alhambra e del Generalife. <\/li>\n<li>Altre forme di acquisizione del biglietto non ne garantiscono la disponibilit\u00e0. <\/li>\n<li>Si afferma come novit\u00e0 nel sistema di vendita online che i biglietti per i Palazzi Nasridi possono essere acquistati meno di due ore prima dell&#8217;orario di accesso a questo spazio, purch\u00e9 vi sia disponibilit\u00e0. <\/li>\n<li>Un&#8217;altra novit\u00e0 \u00e8 che l&#8217;acquisizione dei biglietti avverr\u00e0 tramite carta d&#8217;identit\u00e0 o passaporto. Ogni visitatore deve avere il proprio biglietto, sebbene sia possibile l&#8217;opzione che possa essere acquistato da terzi. <\/li>\n<li>I bambini di et\u00e0 inferiore ai 12 anni non hanno bisogno di essere identificati con un documento di identit\u00e0 nazionale. Il titolare maggiorenne dell&#8217;acquisto dovr\u00e0 comunque fornire il proprio identificativo per s\u00e9 e per il minore sotto la sua responsabilit\u00e0 durante la visita. <\/li>\n<\/ul>\n<p>&nbsp;<\/p>\n<h3><strong>Regole di visita <\/strong><\/h3>\n<p>L&#8217;Alhambra \u00e8 un sito monumentale di grande valore storico, paesaggistico e culturale. <\/p>\n<p>L&#8217;acquisto del biglietto implica l&#8217;accettazione di una serie di provvedimenti volti a conciliare la tutela del Monumento e la visita del pubblico. Tra questi ci sono i seguenti: <\/p>\n<ul>\n<li>Non \u00e8 consentito l&#8217;ingresso con zaini di dimensioni superiori a 40 x 40 cm. <\/li>\n<li>Non \u00e8 consentito entrare nei Palazzi Nasridi o nel Palazzo del Generalife con i passeggini, questi verranno depositati nel deposito bagagli. <\/li>\n<li>Non \u00e8 consentito utilizzare selfie stick, flash o treppiede nei Palazzi Nasridi e negli spazi chiusi. <\/li>\n<li>Mangia e bevi solo negli spazi abilitati<\/li>\n<li>Segui le istruzioni del personale di custodia. <\/li>\n<\/ul>\n<h3><strong>Giornata Aperta <\/strong><\/h3>\n<p><strong><em>16 novembre Giornata internazionale del patrimonio mondiale.<\/em><\/strong><\/p>\n<p>Il Consiglio di fondazione dell&#8217;Alhambra e del Generalife organizza attivit\u00e0 culturali ed educative gratuite, sia nel Complesso Monumentale dell&#8217;Alhambra che nei monumenti andalusi. <\/p>\n<p>Tuttavia, per quel giorno verr\u00e0 fornito un invito per accedere al monumento. <\/p>\n<p>&nbsp;<\/p>\n<p>[\/et_pb_text][\/et_pb_column][\/et_pb_row][\/et_pb_section]<\/p>\n","protected":false},"excerpt":{"rendered":"<p>Consigli utili Consigli e raccomandazioni A causa della limitata capienza del Complesso Monumentale, si consiglia di acquistare i biglietti in anticipo, e preferibilmente online, nel sistema di gestione e acquisto biglietti del Consiglio dell&#8217;Alhambra e del Generalife. Altre forme di acquisizione del biglietto non ne garantiscono la disponibilit\u00e0. Si afferma come novit\u00e0 nel sistema di [&hellip;]<\/p>\n","protected":false},"author":1,"featured_media":0,"parent":0,"menu_order":0,"comment_status":"closed","ping_status":"closed","template":"","meta":{"_acf_changed":false,"_et_pb_use_builder":"on","_et_pb_old_content":"","_et_gb_content_width":"","footnotes":""},"class_list":["post-11603","page","type-page","status-publish","hentry"],"acf":[],"yoast_head":"<!-- This site is optimized with the Yoast SEO plugin v27.4 - https:\/\/yoast.com\/product\/yoast-seo-wordpress\/ -->\n<title>Consigli utili - Tickets Alhambra Patronato<\/title>\n<meta name=\"robots\" content=\"noindex, follow, max-snippet:-1, max-image-preview:large, max-video-preview:-1\" \/>\n<meta property=\"og:locale\" content=\"it_IT\" \/>\n<meta property=\"og:type\" content=\"article\" \/>\n<meta property=\"og:title\" content=\"Consigli utili - Tickets Alhambra Patronato\" \/>\n<meta property=\"og:description\" content=\"Consigli utili Consigli e raccomandazioni A causa della limitata capienza del Complesso Monumentale, si consiglia di acquistare i biglietti in anticipo, e preferibilmente online, nel sistema di gestione e acquisto biglietti del Consiglio dell&#039;Alhambra e del Generalife. Altre forme di acquisizione del biglietto non ne garantiscono la disponibilit\u00e0. Si afferma come novit\u00e0 nel sistema di [&hellip;]\" \/>\n<meta property=\"og:url\" content=\"https:\/\/alhambra-entradas.demo.iacpospre.com\/te-puede-ayudar\/\" \/>\n<meta property=\"og:site_name\" content=\"Tickets Alhambra Patronato\" \/>\n<meta property=\"article:modified_time\" content=\"2022-05-16T11:40:07+00:00\" \/>\n<meta name=\"twitter:card\" content=\"summary_large_image\" \/>\n<meta name=\"twitter:label1\" content=\"Tempo di lettura stimato\" \/>\n\t<meta name=\"twitter:data1\" content=\"2 minuti\" \/>\n<script type=\"application\/ld+json\" class=\"yoast-schema-graph\">{\"@context\":\"https:\\\/\\\/schema.org\",\"@graph\":[{\"@type\":\"WebPage\",\"@id\":\"https:\\\/\\\/alhambra-entradas.demo.iacpospre.com\\\/te-puede-ayudar\\\/\",\"url\":\"https:\\\/\\\/alhambra-entradas.demo.iacpospre.com\\\/te-puede-ayudar\\\/\",\"name\":\"Consigli utili - Tickets Alhambra Patronato\",\"isPartOf\":{\"@id\":\"https:\\\/\\\/alhambra-entradas.demo.iacpospre.com\\\/#website\"},\"datePublished\":\"2021-11-18T10:21:20+00:00\",\"dateModified\":\"2022-05-16T11:40:07+00:00\",\"breadcrumb\":{\"@id\":\"https:\\\/\\\/alhambra-entradas.demo.iacpospre.com\\\/te-puede-ayudar\\\/#breadcrumb\"},\"inLanguage\":\"it-IT\",\"potentialAction\":[{\"@type\":\"ReadAction\",\"target\":[\"https:\\\/\\\/alhambra-entradas.demo.iacpospre.com\\\/te-puede-ayudar\\\/\"]}]},{\"@type\":\"BreadcrumbList\",\"@id\":\"https:\\\/\\\/alhambra-entradas.demo.iacpospre.com\\\/te-puede-ayudar\\\/#breadcrumb\",\"itemListElement\":[{\"@type\":\"ListItem\",\"position\":1,\"name\":\"Portada\",\"item\":\"https:\\\/\\\/alhambra-entradas.demo.iacpospre.com\\\/it\\\/\"},{\"@type\":\"ListItem\",\"position\":2,\"name\":\"Consigli utili\"}]},{\"@type\":\"WebSite\",\"@id\":\"https:\\\/\\\/alhambra-entradas.demo.iacpospre.com\\\/#website\",\"url\":\"https:\\\/\\\/alhambra-entradas.demo.iacpospre.com\\\/\",\"name\":\"Tickets Alhambra Patronato\",\"description\":\"Compra de entradas Alhambra y Generalife\",\"potentialAction\":[{\"@type\":\"SearchAction\",\"target\":{\"@type\":\"EntryPoint\",\"urlTemplate\":\"https:\\\/\\\/alhambra-entradas.demo.iacpospre.com\\\/?s={search_term_string}\"},\"query-input\":{\"@type\":\"PropertyValueSpecification\",\"valueRequired\":true,\"valueName\":\"search_term_string\"}}],\"inLanguage\":\"it-IT\"}]}<\/script>\n<!-- \/ Yoast SEO plugin. -->","yoast_head_json":{"title":"Consigli utili - Tickets Alhambra Patronato","robots":{"index":"noindex","follow":"follow","max-snippet":"max-snippet:-1","max-image-preview":"max-image-preview:large","max-video-preview":"max-video-preview:-1"},"og_locale":"it_IT","og_type":"article","og_title":"Consigli utili - Tickets Alhambra Patronato","og_description":"Consigli utili Consigli e raccomandazioni A causa della limitata capienza del Complesso Monumentale, si consiglia di acquistare i biglietti in anticipo, e preferibilmente online, nel sistema di gestione e acquisto biglietti del Consiglio dell'Alhambra e del Generalife. Altre forme di acquisizione del biglietto non ne garantiscono la disponibilit\u00e0. Si afferma come novit\u00e0 nel sistema di [&hellip;]","og_url":"https:\/\/alhambra-entradas.demo.iacpospre.com\/te-puede-ayudar\/","og_site_name":"Tickets Alhambra Patronato","article_modified_time":"2022-05-16T11:40:07+00:00","twitter_card":"summary_large_image","twitter_misc":{"Tempo di lettura stimato":"2 minuti"},"schema":{"@context":"https:\/\/schema.org","@graph":[{"@type":"WebPage","@id":"https:\/\/alhambra-entradas.demo.iacpospre.com\/te-puede-ayudar\/","url":"https:\/\/alhambra-entradas.demo.iacpospre.com\/te-puede-ayudar\/","name":"Consigli utili - Tickets Alhambra Patronato","isPartOf":{"@id":"https:\/\/alhambra-entradas.demo.iacpospre.com\/#website"},"datePublished":"2021-11-18T10:21:20+00:00","dateModified":"2022-05-16T11:40:07+00:00","breadcrumb":{"@id":"https:\/\/alhambra-entradas.demo.iacpospre.com\/te-puede-ayudar\/#breadcrumb"},"inLanguage":"it-IT","potentialAction":[{"@type":"ReadAction","target":["https:\/\/alhambra-entradas.demo.iacpospre.com\/te-puede-ayudar\/"]}]},{"@type":"BreadcrumbList","@id":"https:\/\/alhambra-entradas.demo.iacpospre.com\/te-puede-ayudar\/#breadcrumb","itemListElement":[{"@type":"ListItem","position":1,"name":"Portada","item":"https:\/\/alhambra-entradas.demo.iacpospre.com\/it\/"},{"@type":"ListItem","position":2,"name":"Consigli utili"}]},{"@type":"WebSite","@id":"https:\/\/alhambra-entradas.demo.iacpospre.com\/#website","url":"https:\/\/alhambra-entradas.demo.iacpospre.com\/","name":"Tickets Alhambra Patronato","description":"Compra de entradas Alhambra y Generalife","potentialAction":[{"@type":"SearchAction","target":{"@type":"EntryPoint","urlTemplate":"https:\/\/alhambra-entradas.demo.iacpospre.com\/?s={search_term_string}"},"query-input":{"@type":"PropertyValueSpecification","valueRequired":true,"valueName":"search_term_string"}}],"inLanguage":"it-IT"}]}},"_links":{"self":[{"href":"https:\/\/alhambra-entradas.demo.iacpospre.com\/it\/wp-json\/wp\/v2\/pages\/11603","targetHints":{"allow":["GET"]}}],"collection":[{"href":"https:\/\/alhambra-entradas.demo.iacpospre.com\/it\/wp-json\/wp\/v2\/pages"}],"about":[{"href":"https:\/\/alhambra-entradas.demo.iacpospre.com\/it\/wp-json\/wp\/v2\/types\/page"}],"author":[{"embeddable":true,"href":"https:\/\/alhambra-entradas.demo.iacpospre.com\/it\/wp-json\/wp\/v2\/users\/1"}],"replies":[{"embeddable":true,"href":"https:\/\/alhambra-entradas.demo.iacpospre.com\/it\/wp-json\/wp\/v2\/comments?post=11603"}],"version-history":[{"count":5,"href":"https:\/\/alhambra-entradas.demo.iacpospre.com\/it\/wp-json\/wp\/v2\/pages\/11603\/revisions"}],"predecessor-version":[{"id":11714,"href":"https:\/\/alhambra-entradas.demo.iacpospre.com\/it\/wp-json\/wp\/v2\/pages\/11603\/revisions\/11714"}],"wp:attachment":[{"href":"https:\/\/alhambra-entradas.demo.iacpospre.com\/it\/wp-json\/wp\/v2\/media?parent=11603"}],"curies":[{"name":"wp","href":"https:\/\/api.w.org\/{rel}","templated":true}]}}