{"id":11606,"date":"2021-11-22T11:09:50","date_gmt":"2021-11-22T10:09:50","guid":{"rendered":"https:\/\/alhambra-entradas.demo.iacpospre.com\/cookie-policy\/"},"modified":"2022-06-17T13:33:06","modified_gmt":"2022-06-17T11:33:06","slug":"politica-sui-cookie","status":"publish","type":"page","link":"https:\/\/alhambra-entradas.demo.iacpospre.com\/it\/politica-sui-cookie\/","title":{"rendered":"Cookie Policy"},"content":{"rendered":"<p>[et_pb_section fb_built=&#8221;1&#8243; _builder_version=&#8221;4.15&#8243; _module_preset=&#8221;default&#8221; custom_padding=&#8221;29px||3px|||&#8221; global_colors_info=&#8221;{}&#8221;][et_pb_row _builder_version=&#8221;4.15&#8243; _module_preset=&#8221;default&#8221; custom_padding=&#8221;||4px|||&#8221; global_colors_info=&#8221;{}&#8221;][et_pb_column type=&#8221;4_4&#8243; _builder_version=&#8221;4.15&#8243; _module_preset=&#8221;default&#8221; global_colors_info=&#8221;{}&#8221;][et_pb_text _builder_version=&#8221;4.15&#8243; _module_preset=&#8221;default&#8221; header_font=&#8221;Hallosans||||||||&#8221; header_font_size=&#8221;34px&#8221; global_colors_info=&#8221;{}&#8221;]<\/p>\n<h1>Cookie Policy <\/h1>\n<p>[\/et_pb_text][\/et_pb_column][\/et_pb_row][\/et_pb_section][et_pb_section fb_built=&#8221;1&#8243; admin_label=&#8221;section&#8221; _builder_version=&#8221;4.15&#8243; custom_padding=&#8221;13px|||||&#8221; global_colors_info=&#8221;{}&#8221;][et_pb_row admin_label=&#8221;row&#8221; _builder_version=&#8221;4.15&#8243; background_size=&#8221;initial&#8221; background_position=&#8221;top_left&#8221; background_repeat=&#8221;repeat&#8221; custom_padding=&#8221;14px|||||&#8221; global_colors_info=&#8221;{}&#8221;][et_pb_column type=&#8221;4_4&#8243; _builder_version=&#8221;4.15&#8243; custom_padding=&#8221;|||&#8221; global_colors_info=&#8221;{}&#8221; custom_padding__hover=&#8221;|||&#8221;][et_pb_text admin_label=&#8221;Text&#8221; _builder_version=&#8221;4.15.1&#8243; background_size=&#8221;initial&#8221; background_position=&#8221;top_left&#8221; background_repeat=&#8221;repeat&#8221; hover_enabled=&#8221;0&#8243; global_colors_info=&#8221;{}&#8221; sticky_enabled=&#8221;0&#8243;]<\/p>\n<p><strong>1. COOKIE POLICY <\/strong><\/p>\n<p><strong>a) Definizione e funzione generica dei cookie. <\/strong><\/p>\n<p>Cosa sono i cookie? Un cookie \u00e8 un file che viene scaricato sul tuo computer quando accedi al nostro sito web. I cookie ci consentono, tra l&#8217;altro, di memorizzare e recuperare informazioni sulle abitudini di navigazione di un utente o sulla sua attrezzatura e, a seconda delle informazioni che contengono e del modo in cui utilizza la sua attrezzatura, possono essere utilizzati per riconoscere l&#8217;utente. Questo sito Web utilizza cookie e\/o tecnologie simili che memorizzano e recuperano informazioni durante la navigazione. Gli usi specifici che facciamo di queste tecnologie sono descritti di seguito. <\/p>\n<p><strong>b) Informazioni sul tipo di cookie utilizzati e sulla loro finalit\u00e0. <\/strong><\/p>\n<ul>\n<li>Cookie di prima parte: sono quelli che inviamo al tuo computer o terminale dal nostro sito web. <\/li>\n<li>Cookie di terze parti: sono quelli che vengono inviati al tuo computer o terminale da un dominio o da una pagina web che non \u00e8 gestita da noi, ma da un altro soggetto che elabora i dati ottenuti tramite i cookie. <\/li>\n<li>Cookie di sessione: sono un tipo di cookie progettato per raccogliere e memorizzare dati durante l&#8217;accesso al nostro sito web. <\/li>\n<li>Cookie persistenti: Sono una tipologia di cookie in cui i dati sono ancora memorizzati nel terminale e possono essere consultati ed elaborati per un certo periodo di tempo, che pu\u00f2 variare da pochi minuti a diversi anni. <\/li>\n<li>Cookie di analisi: sono quelli che, ben trattati da noi o da terze parti, ci consentono di quantificare il numero degli utenti ed effettuare la misurazione e l&#8217;analisi statistica dell&#8217;utilizzo che ne fa gli utenti del nostro sito web. Per questo, analizziamo la navigazione sul nostro sito Web al fine di migliorare l&#8217;offerta di prodotti o servizi che ti offriamo. <\/li>\n<li>Pubblicit\u00e0 comportamentale: sono quelle che, elaborate da noi o da terzi, ci consentono di analizzare le tue abitudini di navigazione in Internet per mostrarti pubblicit\u00e0 relative al tuo profilo di navigazione. <br \/>Ci consentono di ottenere le seguenti informazioni: <br \/>Il nome di dominio del provider che consente loro di accedere alla rete. In questo modo possiamo compilare statistiche sui paesi e sui server che visitano pi\u00f9 spesso il nostro sito web. <\/li>\n<li>La data e l&#8217;ora di accesso al nostro sito web. Questo ci consente di scoprire le ore di maggiore affluenza e di apportare le modifiche necessarie per evitare problemi di saturazione nelle nostre ore di punta. <\/li>\n<li>L&#8217;indirizzo IP e l&#8217;indirizzo Internet da cui ha avuto origine il collegamento al nostro sito web. Grazie a questi dati possiamo conoscere l&#8217;efficacia dei diversi banner e link che puntano al nostro server, al fine di promuovere quelli che offrono i migliori risultati, al fine di soddisfare le esigenze informative dei nostri visitatori. <\/li>\n<li>Il numero di visitatori giornalieri di ciascuna sezione. Questo ci permette di conoscere le aree di maggior successo e di aumentare e migliorare i loro contenuti, in modo che gli utenti ottengano un risultato pi\u00f9 soddisfacente. <\/li>\n<\/ul>\n<p><strong>c) Identificazione di chi utilizza i cookie.<\/strong><\/p>\n<p><span style=\"font-size: 14px;\"><\/span><\/p>\n<p><span style=\"font-size: 14px;\">1. Cookie propri: \u00a0<\/span><\/p>\n<ul>\n<li>wp-settings, wp-settings-time, Cookie_notice_accepted:<\/li>\n<\/ul>\n<p><strong><\/strong><br \/>Cookie necessari per rendere fruibile il sito web abilitando le funzioni di base come la navigazione delle pagine e l&#8217;accesso ai siti protetti. Il sito web non pu\u00f2 funzionare correttamente senza questi cookie.<\/p>\n<p><span style=\"font-size: 14px;\"><b>2. <\/b>Analisi dei cookie: <\/span><strong><\/strong><\/p>\n<ul>\n<li>Statistiche di Google: <\/li>\n<\/ul>\n<p><strong><\/strong><br \/>Google, Inc., 1600 Amphitheatre Parkway, Mountain View (California), CA 94043, Stati Uniti (&#8220;Google&#8221;). <\/p>\n<p>Google Analytics utilizza dei &#8220;cookie&#8221;, che sono file di testo che vengono depositati sul Vostro computer per consentire al sito web di analizzare come gli utenti utilizzano il sito web. Le informazioni generate dal cookie sull&#8217;utilizzo del sito Web (compreso il tuo indirizzo IP) verranno trasmesse e archiviate direttamente da Google su server negli Stati Uniti. Google utilizzer\u00e0 queste informazioni, per nostro conto, allo scopo di tracciare l&#8217;utilizzo del sito Web, compilare report sull&#8217;attivit\u00e0 del sito Web e fornire altri servizi relativi all&#8217;attivit\u00e0 del sito Web e all&#8217;utilizzo di Internet. <\/p>\n<p>Google pu\u00f2 trasmettere tali informazioni a terzi ove ci\u00f2 sia imposto dalla legge o laddove tali terzi trattino le suddette informazioni per conto di Google. Google non assocer\u00e0 il tuo indirizzo IP a nessun altro dato posseduto da Google. <\/p>\n<p><span style=\"font-size: 14px;\"><b>3. <\/b>Cookie di terze parti. Aziende che collaborano: <\/span><strong><\/strong><\/p>\n<p><strong><\/strong><\/p>\n<p>Nello specifico, i fornitori di servizi con i quali abbiamo contratto un servizio per il quale \u00e8 necessario l&#8217;uso dei cookie sono: <\/p>\n<p>&nbsp;<\/p>\n<ul>\n<li>HotJar<\/li>\n<\/ul>\n<p><strong><\/strong><br \/>I cookie di Hotjar raccolgono informazioni di registro standard e dati sulle abitudini dei visitatori in modo anonimo. <\/p>\n<p>Sono utilizzati per misurare l&#8217;attivit\u00e0 della piattaforma e per creare profili di navigazione degli utenti al fine di introdurre miglioramenti basati sull&#8217;analisi dei dati di utilizzo degli utenti. <\/p>\n<p><span style=\"font-size: 14px;\"><b>4. <\/b>Cookie di marketing: <\/span><strong><\/strong><\/p>\n<ul>\n<li>Google AdWords:<\/li>\n<\/ul>\n<p><strong><\/strong>Servizi di pubblicit\u00e0 sponsorizzata online forniti da Google Inc. I cookie sono utilizzati da Google per gestire i suddetti servizi. <br \/>Dati raccolti:<br \/>Numero IP, cronologia delle ricerche, posizione, ID dispositivo e numero di telefono. <br \/Oltre a: visualizzazioni degli annunci, analisi, informazioni sul browser, dati sui cookie, data e ora, dati demografici, informazioni su software\/hardware, informazioni sulle interazioni, pagine visitate, domini. <br \/>Per informazioni pi\u00f9 dettagliate: <span>\u00a0<\/span><a href=\"http:\/\/www.google.com\/intl\/en\/policies\/privacy\/\">Link <\/a><\/p>\n<p><strong>d) Informazioni su come accettare, negare, revocare il consenso o eliminare i cookie. <\/strong><\/p>\n<p>L&#8217;utente ha la possibilit\u00e0 di impedire la generazione di cookie, selezionando l&#8217;opzione corrispondente nel proprio programma browser, o utilizzando lo strumento di terze parti disponibile sul nostro sito Web, che consente di rilevare i cookie generati e di gestirne la disattivazione. <\/p>\n<p>Amministrazione dei cookie tramite il proprio browser. <\/p>\n<p>Puoi consentire, bloccare o eliminare i cookie installati sul tuo computer configurando le opzioni del browser installato sul tuo computer. Controlla le opzioni e le istruzioni offerte dal tuo browser per questo. Tieni presente che se accetti i cookie di terze parti, devi eliminarli dalle opzioni del browser. <\/p>\n<p>&nbsp;<\/p>\n<ul>\n<li>Puoi ottenere maggiori informazioni sul browser Firefox da qui:<span>\u00a0<\/span><a href=\"https:\/\/support.mozilla.org\/es\/kb\/habilitar-y-deshabilitar-cookies-sitios-web-rastrearpreferencias?redirectlocale=es&amp;redirectslug=habilitar-y-deshabilitar-cookies-que-lossitios-web\">Link<\/a><\/li>\n<\/ul>\n<p><strong><\/strong><br \/><strong><\/strong><\/p>\n<ul>\n<li>Puoi ottenere maggiori informazioni sul browser Chrome da qui: <span>\u00a0<\/span><a href=\"https:\/\/support.google.com\/chrome\/answer\/95647?hl=es\">Link<\/a><\/li>\n<\/ul>\n<p><strong><\/strong><br \/><strong><\/strong><\/p>\n<ul>\n<li>Puoi ottenere maggiori informazioni sul browser Internet Explorer da qui:<a href=\"https:\/\/support.microsoft.com\/es-es\/help\/17442\/windows-internet-explorer-deletemanage-cookies\"><span>\u00a0<\/span>Link <\/a><\/li>\n<\/ul>\n<p><strong><\/strong><br \/><strong><\/strong><\/p>\n<ul>\n<li>Puoi ottenere maggiori informazioni sul browser Safari da qui: <span>\u00a0<\/span><a href=\"https:\/\/support.apple.com\/kb\/PH19214?viewlocale=es_ES&amp;locale=es_ES\">Link <\/a><\/li>\n<\/ul>\n<p><strong><\/strong><br \/><strong><\/strong><\/p>\n<ul>\n<li>Puoi ottenere maggiori informazioni sul browser Opera da qui: <a href=\"http:\/\/help.opera.com\/Windows\/11.50\/es-ES\/cookies.html\"><span>\u00a0<\/span>Link <\/a><\/li>\n<\/ul>\n<p><strong>Informazioni sui trasferimenti di dati verso paesi terzi effettuati dall&#8217;editore. <\/strong><\/p>\n<p>L&#8217;editore non effettua trasferimenti internazionali di dati. I trasferimenti verso paesi terzi che, se del caso, sono effettuati da soggetti terzi identificati nella presente cookie policy come \u201cCookie di Terze Parti, Societ\u00e0 Collaboratrici\u201d sono visibili nelle rispettive policy (si vedano le societ\u00e0 previste nella sezione \u201cCookie di Terze Parti\u201d).<\/p>\n<p><strong>f) Profilazione. <\/strong><\/p>\n<p>Questo sito web non crea profili che comportino processi decisionali automatizzati con effetti giuridici per l&#8217;utente o che incidano significativamente su di lui in modo analogo. <\/p>\n<p><strong>g) Periodo di conservazione. <\/strong><\/p>\n<p>Per quanto riguarda la conservazione dei Cookie per la gestione del sito web aziendale, questi saranno conservati per un periodo di due anni, prendendo come riferimento l&#8217;ultima visita al nostro sito web. <\/p>\n<p><strong>h) Diritti degli interessati <\/strong><\/p>\n<p>Puoi consultare la nostra  <a href=\"https:\/\/alhambra-entradas.demo.iacpospre.com\/it\/politica-sulla-privacy\/\" target=\"_blank\" rel=\"noopener\">Privacy Policy.<\/a><\/p>\n<p>[\/et_pb_text][\/et_pb_column][\/et_pb_row][\/et_pb_section]<\/p>\n","protected":false},"excerpt":{"rendered":"<p>Cookie Policy 1. COOKIE POLICY a) Definizione e funzione generica dei cookie. Cosa sono i cookie? Un cookie \u00e8 un file che viene scaricato sul tuo computer quando accedi al nostro sito web. I cookie ci consentono, tra l&#8217;altro, di memorizzare e recuperare informazioni sulle abitudini di navigazione di un utente o sulla sua attrezzatura [&hellip;]<\/p>\n","protected":false},"author":1,"featured_media":0,"parent":0,"menu_order":0,"comment_status":"closed","ping_status":"closed","template":"","meta":{"_acf_changed":false,"_et_pb_use_builder":"on","_et_pb_old_content":"","_et_gb_content_width":"","footnotes":""},"class_list":["post-11606","page","type-page","status-publish","hentry"],"acf":[],"yoast_head":"<!-- This site is optimized with the Yoast SEO plugin v27.4 - https:\/\/yoast.com\/product\/yoast-seo-wordpress\/ -->\n<title>Cookie Policy - Tickets Alhambra Patronato<\/title>\n<meta name=\"robots\" content=\"noindex, follow, max-snippet:-1, max-image-preview:large, max-video-preview:-1\" \/>\n<meta property=\"og:locale\" content=\"it_IT\" \/>\n<meta property=\"og:type\" content=\"article\" \/>\n<meta property=\"og:title\" content=\"Cookie Policy - Tickets Alhambra Patronato\" \/>\n<meta property=\"og:description\" content=\"Cookie Policy 1. COOKIE POLICY a) Definizione e funzione generica dei cookie. Cosa sono i cookie? Un cookie \u00e8 un file che viene scaricato sul tuo computer quando accedi al nostro sito web. I cookie ci consentono, tra l&#039;altro, di memorizzare e recuperare informazioni sulle abitudini di navigazione di un utente o sulla sua attrezzatura [&hellip;]\" \/>\n<meta property=\"og:url\" content=\"https:\/\/alhambra-entradas.demo.iacpospre.com\/it\/politica-sui-cookie\/\" \/>\n<meta property=\"og:site_name\" content=\"Tickets Alhambra Patronato\" \/>\n<meta property=\"article:modified_time\" content=\"2022-06-17T11:33:06+00:00\" \/>\n<meta name=\"twitter:card\" content=\"summary_large_image\" \/>\n<meta name=\"twitter:label1\" content=\"Tempo di lettura stimato\" \/>\n\t<meta name=\"twitter:data1\" content=\"5 minuti\" \/>\n<script type=\"application\/ld+json\" class=\"yoast-schema-graph\">{\"@context\":\"https:\\\/\\\/schema.org\",\"@graph\":[{\"@type\":\"WebPage\",\"@id\":\"https:\\\/\\\/alhambra-entradas.demo.iacpospre.com\\\/it\\\/politica-sui-cookie\\\/\",\"url\":\"https:\\\/\\\/alhambra-entradas.demo.iacpospre.com\\\/it\\\/politica-sui-cookie\\\/\",\"name\":\"Cookie Policy - Tickets Alhambra Patronato\",\"isPartOf\":{\"@id\":\"https:\\\/\\\/alhambra-entradas.demo.iacpospre.com\\\/#website\"},\"datePublished\":\"2021-11-22T10:09:50+00:00\",\"dateModified\":\"2022-06-17T11:33:06+00:00\",\"breadcrumb\":{\"@id\":\"https:\\\/\\\/alhambra-entradas.demo.iacpospre.com\\\/it\\\/politica-sui-cookie\\\/#breadcrumb\"},\"inLanguage\":\"it-IT\",\"potentialAction\":[{\"@type\":\"ReadAction\",\"target\":[\"https:\\\/\\\/alhambra-entradas.demo.iacpospre.com\\\/it\\\/politica-sui-cookie\\\/\"]}]},{\"@type\":\"BreadcrumbList\",\"@id\":\"https:\\\/\\\/alhambra-entradas.demo.iacpospre.com\\\/it\\\/politica-sui-cookie\\\/#breadcrumb\",\"itemListElement\":[{\"@type\":\"ListItem\",\"position\":1,\"name\":\"Portada\",\"item\":\"https:\\\/\\\/alhambra-entradas.demo.iacpospre.com\\\/it\\\/\"},{\"@type\":\"ListItem\",\"position\":2,\"name\":\"Cookie Policy\"}]},{\"@type\":\"WebSite\",\"@id\":\"https:\\\/\\\/alhambra-entradas.demo.iacpospre.com\\\/#website\",\"url\":\"https:\\\/\\\/alhambra-entradas.demo.iacpospre.com\\\/\",\"name\":\"Tickets Alhambra Patronato\",\"description\":\"Compra de entradas Alhambra y Generalife\",\"potentialAction\":[{\"@type\":\"SearchAction\",\"target\":{\"@type\":\"EntryPoint\",\"urlTemplate\":\"https:\\\/\\\/alhambra-entradas.demo.iacpospre.com\\\/?s={search_term_string}\"},\"query-input\":{\"@type\":\"PropertyValueSpecification\",\"valueRequired\":true,\"valueName\":\"search_term_string\"}}],\"inLanguage\":\"it-IT\"}]}<\/script>\n<!-- \/ Yoast SEO plugin. -->","yoast_head_json":{"title":"Cookie Policy - Tickets Alhambra Patronato","robots":{"index":"noindex","follow":"follow","max-snippet":"max-snippet:-1","max-image-preview":"max-image-preview:large","max-video-preview":"max-video-preview:-1"},"og_locale":"it_IT","og_type":"article","og_title":"Cookie Policy - Tickets Alhambra Patronato","og_description":"Cookie Policy 1. COOKIE POLICY a) Definizione e funzione generica dei cookie. Cosa sono i cookie? Un cookie \u00e8 un file che viene scaricato sul tuo computer quando accedi al nostro sito web. I cookie ci consentono, tra l'altro, di memorizzare e recuperare informazioni sulle abitudini di navigazione di un utente o sulla sua attrezzatura [&hellip;]","og_url":"https:\/\/alhambra-entradas.demo.iacpospre.com\/it\/politica-sui-cookie\/","og_site_name":"Tickets Alhambra Patronato","article_modified_time":"2022-06-17T11:33:06+00:00","twitter_card":"summary_large_image","twitter_misc":{"Tempo di lettura stimato":"5 minuti"},"schema":{"@context":"https:\/\/schema.org","@graph":[{"@type":"WebPage","@id":"https:\/\/alhambra-entradas.demo.iacpospre.com\/it\/politica-sui-cookie\/","url":"https:\/\/alhambra-entradas.demo.iacpospre.com\/it\/politica-sui-cookie\/","name":"Cookie Policy - Tickets Alhambra Patronato","isPartOf":{"@id":"https:\/\/alhambra-entradas.demo.iacpospre.com\/#website"},"datePublished":"2021-11-22T10:09:50+00:00","dateModified":"2022-06-17T11:33:06+00:00","breadcrumb":{"@id":"https:\/\/alhambra-entradas.demo.iacpospre.com\/it\/politica-sui-cookie\/#breadcrumb"},"inLanguage":"it-IT","potentialAction":[{"@type":"ReadAction","target":["https:\/\/alhambra-entradas.demo.iacpospre.com\/it\/politica-sui-cookie\/"]}]},{"@type":"BreadcrumbList","@id":"https:\/\/alhambra-entradas.demo.iacpospre.com\/it\/politica-sui-cookie\/#breadcrumb","itemListElement":[{"@type":"ListItem","position":1,"name":"Portada","item":"https:\/\/alhambra-entradas.demo.iacpospre.com\/it\/"},{"@type":"ListItem","position":2,"name":"Cookie Policy"}]},{"@type":"WebSite","@id":"https:\/\/alhambra-entradas.demo.iacpospre.com\/#website","url":"https:\/\/alhambra-entradas.demo.iacpospre.com\/","name":"Tickets Alhambra Patronato","description":"Compra de entradas Alhambra y Generalife","potentialAction":[{"@type":"SearchAction","target":{"@type":"EntryPoint","urlTemplate":"https:\/\/alhambra-entradas.demo.iacpospre.com\/?s={search_term_string}"},"query-input":{"@type":"PropertyValueSpecification","valueRequired":true,"valueName":"search_term_string"}}],"inLanguage":"it-IT"}]}},"_links":{"self":[{"href":"https:\/\/alhambra-entradas.demo.iacpospre.com\/it\/wp-json\/wp\/v2\/pages\/11606","targetHints":{"allow":["GET"]}}],"collection":[{"href":"https:\/\/alhambra-entradas.demo.iacpospre.com\/it\/wp-json\/wp\/v2\/pages"}],"about":[{"href":"https:\/\/alhambra-entradas.demo.iacpospre.com\/it\/wp-json\/wp\/v2\/types\/page"}],"author":[{"embeddable":true,"href":"https:\/\/alhambra-entradas.demo.iacpospre.com\/it\/wp-json\/wp\/v2\/users\/1"}],"replies":[{"embeddable":true,"href":"https:\/\/alhambra-entradas.demo.iacpospre.com\/it\/wp-json\/wp\/v2\/comments?post=11606"}],"version-history":[{"count":5,"href":"https:\/\/alhambra-entradas.demo.iacpospre.com\/it\/wp-json\/wp\/v2\/pages\/11606\/revisions"}],"predecessor-version":[{"id":11711,"href":"https:\/\/alhambra-entradas.demo.iacpospre.com\/it\/wp-json\/wp\/v2\/pages\/11606\/revisions\/11711"}],"wp:attachment":[{"href":"https:\/\/alhambra-entradas.demo.iacpospre.com\/it\/wp-json\/wp\/v2\/media?parent=11606"}],"curies":[{"name":"wp","href":"https:\/\/api.w.org\/{rel}","templated":true}]}}