{"id":11806,"date":"2021-11-18T11:22:33","date_gmt":"2021-11-18T10:22:33","guid":{"rendered":"https:\/\/alhambra-entradas.demo.iacpospre.com\/politica-di-acquisto\/"},"modified":"2023-11-21T12:18:28","modified_gmt":"2023-11-21T11:18:28","slug":"politica-di-acquisto","status":"publish","type":"page","link":"https:\/\/alhambra-entradas.demo.iacpospre.com\/it\/politica-di-acquisto\/","title":{"rendered":"Politica di acquisto"},"content":{"rendered":"<p>[et_pb_section fb_built=&#8221;1&#8243; _builder_version=&#8221;4.16&#8243; _module_preset=&#8221;default&#8221; display_conditions=&#8221;bnVsbA==&#8221; custom_padding=&#8221;30px||9px|||&#8221; global_colors_info=&#8221;{}&#8221;][et_pb_row _builder_version=&#8221;4.16&#8243; _module_preset=&#8221;default&#8221; display_conditions=&#8221;bnVsbA==&#8221; custom_margin=&#8221;|auto|-6px|auto||&#8221; custom_padding=&#8221;||8px|||&#8221; global_colors_info=&#8221;{}&#8221;][et_pb_column type=&#8221;4_4&#8243; _builder_version=&#8221;4.16&#8243; _module_preset=&#8221;default&#8221; display_conditions=&#8221;bnVsbA==&#8221; global_colors_info=&#8221;{}&#8221;][et_pb_text _builder_version=&#8221;4.16&#8243; _module_preset=&#8221;default&#8221; header_font=&#8221;Hallosans||||||||&#8221; header_font_size=&#8221;34px&#8221; display_conditions=&#8221;bnVsbA==&#8221; global_colors_info=&#8221;{}&#8221;]<\/p>\n<h1>Politica di acquisto<\/h1>\n<p>[\/et_pb_text][\/et_pb_column][\/et_pb_row][\/et_pb_section][et_pb_section fb_built=&#8221;1&#8243; _builder_version=&#8221;4.16&#8243; _module_preset=&#8221;default&#8221; display_conditions=&#8221;bnVsbA==&#8221; custom_padding=&#8221;10px|||||&#8221; global_colors_info=&#8221;{}&#8221;][et_pb_row _builder_version=&#8221;4.16&#8243; _module_preset=&#8221;default&#8221; display_conditions=&#8221;bnVsbA==&#8221; custom_padding=&#8221;14px|10px||10px|false|true&#8221; global_colors_info=&#8221;{}&#8221;][et_pb_column type=&#8221;4_4&#8243; _builder_version=&#8221;4.16&#8243; _module_preset=&#8221;default&#8221; display_conditions=&#8221;bnVsbA==&#8221; global_colors_info=&#8221;{}&#8221;][et_pb_text _builder_version=&#8221;4.17.0&#8243; _module_preset=&#8221;default&#8221; display_conditions=&#8221;bnVsbA==&#8221; custom_padding=&#8221;||0px|||&#8221; global_colors_info=&#8221;{}&#8221;]<\/p>\n<p><strong>CONDIZIONI GENERALI DI ACQUISTO<\/strong><\/p>\n<p>Le presenti Condizioni Generali di Acquisto, contemplate prima della procedura di contrattazione, regolano l&#8217;acquisto di biglietti attraverso il Sito tickets.alhambra-patronato.es di propriet\u00e0 del Consiglio di fondazione dell&#8217;Alhambra e del Generalife.<\/p>\n<p>Le presenti Condizioni Generali di Acquisto devono essere integrate dalle Condizioni Generali di Accesso e Utilizzo del Sito stabilite dal Consiglio di fondazione dell&#8217;Alhambra e del Generalife, nonch\u00e9 da eventuali altre Condizioni Contrattuali Particolari o Particolari che possono essere stabilite caso per caso.<\/p>\n<p>Il Consiglio di fondazione dell&#8217;Alhambra e del Generalife pu\u00f2 in qualsiasi momento, e senza preavviso, modificare le presenti condizioni e termini, pubblicando dette modifiche sul Sito, in modo che possano essere conosciute dagli Utenti prima dell&#8217;acquisto on-line dei biglietti offerto.<\/p>\n<p>In tal modo, l&#8217;Utente, sotto la propria responsabilit\u00e0, dovr\u00e0 leggere attentamente tutte le condizioni, in ciascuna delle occasioni in cui intende acquistare i biglietti tramite il Sito.<\/p>\n<p>L&#8217;Utente dichiara di essere maggiorenne, in conformit\u00e0 con la propria legislazione nazionale, e di possedere la capacit\u00e0 giuridica necessaria per contrattare attraverso il Sito e, di conseguenza, di essere vincolato dalle presenti Condizioni Generali e Condizioni Particolari eventualmente applicabili. In merito a tutte queste condizioni, l&#8217;Utente dichiara di conoscerle, comprenderle e accettarle nella loro interezza.<\/p>\n<p>Allo stesso modo, l&#8217;Utente riconosce e accetta che i biglietti contrattati attraverso il Sito saranno ad uso o consumo proprio, secondo le regole stabilite dal Consiglio di fondazione dell&#8217;Alhambra e del Generalife per ciascuno dei canali stabiliti.<\/p>\n<p>In caso di contrattazione di biglietti per terzi all&#8217;Utente, l&#8217;uso o il consumo di questi sar\u00e0 sotto l&#8217;intera responsabilit\u00e0 dell&#8217;Utente acquirente. In tal senso, l&#8217;Utente accetta, espressamente e senza eccezioni, che l&#8217;accesso e l&#8217;utilizzo del Sito e dei suoi servizi avvenga sotto la sua unica ed esclusiva responsabilit\u00e0.<\/p>\n<p>L&#8217;utente dichiara che i dati registrati nell&#8217;acquisto sono veritieri. La mancanza di veridicit\u00e0 degli stessi pu\u00f2 comportare l&#8217;esigenza della responsabilit\u00e0 che pu\u00f2 sorgere ai sensi della normativa applicabile.<\/p>\n<p><strong>VALIDIT\u00c0<\/strong><\/p>\n<p>I biglietti acquistati saranno validi fino al giorno della visita e, per quanto riguarda la visita ai Palazzi Nasridi, fino all&#8217;orario stabilito sul biglietto.<\/p>\n<p><strong>LINGUA<\/strong><\/p>\n<p>Il processo di acquisto pu\u00f2 essere effettuato in spagnolo e inglese.<\/p>\n<p><strong>PREZZI<\/strong><\/p>\n<p>I prezzi indicati sullo schermo sono quelli in vigore, salvo errore tipografico. Sono fissati in Euro e sono esenti da IVA secondo la normativa applicabile: articolo 20.1.1.14.\u00ba b) ec), della Legge 37\/1992, del 28 dicembre.<\/p>\n<p>I biglietti per le visite al pubblico, se acquistati in anticipo, o prenotati, saranno maggiorati della quota di gestione stabilita nel contratto di servizio vigente.<\/p>\n<p>I prezzi corrispondenti alle attivit\u00e0 con altri enti si riferiscono alla parte corrispondente al Consiglio di fondazione dell&#8217;Alhambra e del Generalife, il prezzo finale del prodotto essendo il risultato dell&#8217;aggiunta a questo prezzo delle parti corrispondenti ad altri enti secondo quanto concordato nell&#8217;accordo che stabilisce l&#8217;attivit\u00e0 specifica.<\/p>\n<p><strong>MODALIT\u00c0 DI PAGAMENTO<\/strong><\/p>\n<p>Il pagamento dei biglietti pu\u00f2 essere effettuato solo con carte di credito o debito allegate a VISA o MASTERCARD.<\/p>\n<p>Per la tranquillit\u00e0 dell&#8217;Utente, \u00e8 importante notare che la riservatezza nel trattamento dei suoi dati \u00e8 completamente garantita, grazie alla trasmissione crittografata delle informazioni tra il browser dell&#8217;Utente, il server sicuro di tickets.alhambra-patronato.es e il sistema finanziario soggetti che gestiscono i pagamenti.<\/p>\n<p>Il Consiglio di fondazione dell&#8217;Alhambra e del Generalife informa che l&#8217;utilizzo di tale sistema di pagamento elettronico per l&#8217;acquisto di biglietti costituisce condotta penale, punibile con la reclusione, nel caso di:<\/p>\n<p>\u2022 Fornire informazioni false sull&#8217;acquirente o sul numero della carta utilizzata come mezzo di pagamento.<\/p>\n<p>\u2022 Utilizzare i dati di persone diverse dall&#8217;acquirente.<\/p>\n<p>\u2022 Fornire numeri di carta che non corrispondono a quelli dell&#8217;acquirente.<\/p>\n<p>\u2022 Usurpare la condizione di titolare di carte estere.<\/p>\n<p>\u2022 Utilizzare i numeri di carta generati con programmi per computer o algoritmi simili.<\/p>\n<p>In nessun caso i dati della carta di pagamento devono essere forniti tramite e-mail, fax o social network.\u00a0<\/p>\n<p>[\/et_pb_text][\/et_pb_column][\/et_pb_row][et_pb_row _builder_version=&#8221;4.17.0&#8243; _module_preset=&#8221;default&#8221; global_colors_info=&#8221;{}&#8221;][et_pb_column type=&#8221;4_4&#8243; _builder_version=&#8221;4.17.0&#8243; _module_preset=&#8221;default&#8221; global_colors_info=&#8221;{}&#8221;][et_pb_text _builder_version=&#8221;4.17.0&#8243; _module_preset=&#8221;default&#8221; global_colors_info=&#8221;{}&#8221;]<\/p>\n<p><strong>MODIFICA E\/O ANNULLAMENTO BIGLIETTI<\/strong><\/p>\n<p>Una volta effettuato l&#8217;acquisto, l&#8217;unica modifica che pu\u00f2 essere apportata allo stesso \u00e8 quella che riguarda l&#8217;identificazione del visitatore, che pu\u00f2 essere effettuata fino al giorno precedente la visita, e nella proporzione stabilita dalla <span style=\"color: #993300;\">normativa*<\/span> dal localizzatore degli acquisti.<\/p>\n<p>L&#8217;eventuale acquisto di biglietti \u00e8 definitivo e fermo, pertanto non \u00e8 prevista la cancellazione degli stessi.<\/p>\n<p>[\/et_pb_text][et_pb_cta title=&#8221;Posso cambiare il nominativo del visitatore una volta acquistato il biglietto?&#8221; _builder_version=&#8221;4.23.1&#8243; _module_preset=&#8221;default&#8221; background_color=&#8221;#f4f0ec&#8221; background_layout=&#8221;light&#8221; custom_padding=&#8221;||12px|||&#8221; hover_enabled=&#8221;0&#8243; global_colors_info=&#8221;{}&#8221; sticky_enabled=&#8221;0&#8243;]<\/p>\n<p style=\"text-align: left;\">Dopo la conferma dell\u2019acquisto e fino al giorno prima della visita, l\u2019identificazione del visitatore pu\u00f2 essere modificata nella seguente proporzione per localizzatore (codice di lettere e numero identificativo che compare nel sistema di prenotazione e vendita di biglietti, fino a un massimo di 60 persone):<\/p>\n<ul>\n<li style=\"text-align: left;\">Da 5 a 9 biglietti: 1 persona.<\/li>\n<li style=\"text-align: left;\">Da 10 a 19 biglietti: 2 persone.<\/li>\n<li style=\"text-align: left;\">Da 20 a 30 biglietti: 3 persone.<\/li>\n<li style=\"text-align: left;\">Da 31 a 40 biglietti: 4 persone.<\/li>\n<li style=\"text-align: left;\">Da 41 a 50 biglietti: 5 persone.<\/li>\n<li style=\"text-align: left;\">Da 51 a 60 biglietti: 6 persone.<\/li>\n<\/ul>\n<p style=\"text-align: left;\">Per questo \u00e8 necessario contattare il Call Center al numero <span style=\"color: #0000ff;\">+<strong>34 858889002<\/strong><\/span><\/p>\n<p>[\/et_pb_cta][\/et_pb_column][\/et_pb_row][et_pb_row _builder_version=&#8221;4.17.0&#8243; _module_preset=&#8221;default&#8221; global_colors_info=&#8221;{}&#8221;][et_pb_column type=&#8221;4_4&#8243; _builder_version=&#8221;4.17.0&#8243; _module_preset=&#8221;default&#8221; global_colors_info=&#8221;{}&#8221;][et_pb_text _builder_version=&#8221;4.17.0&#8243; _module_preset=&#8221;default&#8221; global_colors_info=&#8221;{}&#8221;]<\/p>\n<p><strong>RESTITUZIONE DEI BIGLIETTI<\/strong><\/p>\n<p>I biglietti acquistati non sono rimborsabili, tranne nei seguenti casi:<\/p>\n<ul>\n<li>Quando non \u00e8 stato possibile effettuare la visita per cause imputabili al PAG (Consiglio di fondazione dell&#8217;Alhambra e del Generalife).<\/li>\n<li>Quando alcune delle ipotesi stabilite nell&#8217;articolo 35 del decreto 40\/2017 del 7 marzo, che regola l&#8217;organizzazione e il funzionamento del Tesoro generale della Junta de Andaluc\u00eda e la gestione della riscossione, concordano.<\/li>\n<\/ul>\n<p>Il rimborso sar\u00e0 effettuato secondo la procedura stabilita nel capitolo III del decreto 40\/2017 del 7 marzo, che regola l&#8217;organizzazione e il funzionamento della Tesoreria generale della Junta de Andaluc\u00eda e la gestione della riscossione.<\/p>\n<p>In nessun caso verr\u00e0 rimborsato l&#8217;importo della commissione di gestione che \u00e8 stata stabilita nel sistema di vendita e gestione del biglietto.<\/p>\n<p><strong>LEGGE APPLICABILE E FORO COMPETENTE<\/strong><\/p>\n<p>Le presenti Condizioni Generali di Acquisto e, se applicabili, le Condizioni Particolari eventualmente applicabili, saranno regolate dalla legislazione spagnola, che sar\u00e0 applicabile per quanto non previsto nel presente contratto in termini di interpretazione, validit\u00e0 ed esecuzione.<\/p>\n<p>NIF\/CIF: Q-1818001-H<\/p>\n<p>Organizzazione: Consiglio di fondazione dell&#8217;Alhambra e del Generalife<\/p>\n<p>Indirizzo postale: C\/ Real de la Alhambra s\/n.<\/p>\n<p><strong>CONTATTI, SUGGERIMENTI E RECLAMI<br \/>\n<\/strong><\/p>\n<p>Per qualsiasi domanda, domanda, suggerimento o reclamo in merito ai regolamenti di visita, all&#8217;ordine dei prezzi, ecc. del Consiglio di fondazione dell&#8217;Alhambra e del Generalife, si prega di contattare:<\/p>\n<p>E-mail: informacion.alhambra.pag@juntadeandalucia.es<br \/>\nTelefono di contatto: +34 958 027 971<\/p>\n<p>Per qualsiasi domanda, suggerimento o reclamo sul sito web o sul processo di acquisto del biglietto, si prega di contattare Sicomoro Servicios Integrales SL attraverso i seguenti canali di comunicazione:<\/p>\n<p>1. E-mail: tickets.alhambra@iacpos.com. <a href=\"tickets.alhambra@iacpos.com%20\">tickets.alhambra@iacpos.com<\/a><\/p>\n<p>2. Per telefono chiamando il reparto Contact Center: (+34) 858889002.<\/p>\n<p>In ottemperanza a quanto previsto dal Regolamento (UE) n. 524\/2013 del Parlamento Europeo e del Consiglio, del 21 maggio 2013 (LCEur 2013, 829), indichiamo il link dove \u00e8 possibile ottenere informazioni sulla piattaforma di risoluzione delle controversie Contenzioso online dell&#8217;Unione Europea:<\/p>\n<p><a href=\"http:\/\/ec.europa.eu\/consumers\/odr\/\">http:\/\/ec.europa.eu\/consumers\/odr\/<\/a><\/p>\n<p>[\/et_pb_text][\/et_pb_column][\/et_pb_row][\/et_pb_section]<\/p>\n","protected":false},"excerpt":{"rendered":"<p>Politica di acquistoCONDIZIONI GENERALI DI ACQUISTO Le presenti Condizioni Generali di Acquisto, contemplate prima della procedura di contrattazione, regolano l&#8217;acquisto di biglietti attraverso il Sito tickets.alhambra-patronato.es di propriet\u00e0 del Consiglio di fondazione dell&#8217;Alhambra e del Generalife. Le presenti Condizioni Generali di Acquisto devono essere integrate dalle Condizioni Generali di Accesso e Utilizzo del Sito stabilite [&hellip;]<\/p>\n","protected":false},"author":1,"featured_media":0,"parent":0,"menu_order":0,"comment_status":"closed","ping_status":"closed","template":"","meta":{"_acf_changed":false,"_et_pb_use_builder":"on","_et_pb_old_content":"","_et_gb_content_width":"","footnotes":""},"class_list":["post-11806","page","type-page","status-publish","hentry"],"acf":[],"yoast_head":"<!-- This site is optimized with the Yoast SEO plugin v27.4 - https:\/\/yoast.com\/product\/yoast-seo-wordpress\/ -->\n<title>Politica di acquisto - Tickets Alhambra Patronato<\/title>\n<meta name=\"robots\" content=\"noindex, follow, max-snippet:-1, max-image-preview:large, max-video-preview:-1\" \/>\n<meta property=\"og:locale\" content=\"it_IT\" \/>\n<meta property=\"og:type\" content=\"article\" \/>\n<meta property=\"og:title\" content=\"Politica di acquisto - Tickets Alhambra Patronato\" \/>\n<meta property=\"og:description\" content=\"Politica di acquistoCONDIZIONI GENERALI DI ACQUISTO Le presenti Condizioni Generali di Acquisto, contemplate prima della procedura di contrattazione, regolano l&#039;acquisto di biglietti attraverso il Sito tickets.alhambra-patronato.es di propriet\u00e0 del Consiglio di fondazione dell&#039;Alhambra e del Generalife. Le presenti Condizioni Generali di Acquisto devono essere integrate dalle Condizioni Generali di Accesso e Utilizzo del Sito stabilite [&hellip;]\" \/>\n<meta property=\"og:url\" content=\"https:\/\/alhambra-entradas.demo.iacpospre.com\/it\/politica-di-acquisto\/\" \/>\n<meta property=\"og:site_name\" content=\"Tickets Alhambra Patronato\" \/>\n<meta property=\"article:modified_time\" content=\"2023-11-21T11:18:28+00:00\" \/>\n<meta name=\"twitter:card\" content=\"summary_large_image\" \/>\n<meta name=\"twitter:label1\" content=\"Tempo di lettura stimato\" \/>\n\t<meta name=\"twitter:data1\" content=\"7 minuti\" \/>\n<script type=\"application\/ld+json\" class=\"yoast-schema-graph\">{\"@context\":\"https:\\\/\\\/schema.org\",\"@graph\":[{\"@type\":\"WebPage\",\"@id\":\"https:\\\/\\\/alhambra-entradas.demo.iacpospre.com\\\/it\\\/politica-di-acquisto\\\/\",\"url\":\"https:\\\/\\\/alhambra-entradas.demo.iacpospre.com\\\/it\\\/politica-di-acquisto\\\/\",\"name\":\"Politica di acquisto - Tickets Alhambra Patronato\",\"isPartOf\":{\"@id\":\"https:\\\/\\\/alhambra-entradas.demo.iacpospre.com\\\/#website\"},\"datePublished\":\"2021-11-18T10:22:33+00:00\",\"dateModified\":\"2023-11-21T11:18:28+00:00\",\"breadcrumb\":{\"@id\":\"https:\\\/\\\/alhambra-entradas.demo.iacpospre.com\\\/it\\\/politica-di-acquisto\\\/#breadcrumb\"},\"inLanguage\":\"it-IT\",\"potentialAction\":[{\"@type\":\"ReadAction\",\"target\":[\"https:\\\/\\\/alhambra-entradas.demo.iacpospre.com\\\/it\\\/politica-di-acquisto\\\/\"]}]},{\"@type\":\"BreadcrumbList\",\"@id\":\"https:\\\/\\\/alhambra-entradas.demo.iacpospre.com\\\/it\\\/politica-di-acquisto\\\/#breadcrumb\",\"itemListElement\":[{\"@type\":\"ListItem\",\"position\":1,\"name\":\"Portada\",\"item\":\"https:\\\/\\\/alhambra-entradas.demo.iacpospre.com\\\/it\\\/\"},{\"@type\":\"ListItem\",\"position\":2,\"name\":\"Politica di acquisto\"}]},{\"@type\":\"WebSite\",\"@id\":\"https:\\\/\\\/alhambra-entradas.demo.iacpospre.com\\\/#website\",\"url\":\"https:\\\/\\\/alhambra-entradas.demo.iacpospre.com\\\/\",\"name\":\"Tickets Alhambra Patronato\",\"description\":\"Compra de entradas Alhambra y Generalife\",\"potentialAction\":[{\"@type\":\"SearchAction\",\"target\":{\"@type\":\"EntryPoint\",\"urlTemplate\":\"https:\\\/\\\/alhambra-entradas.demo.iacpospre.com\\\/?s={search_term_string}\"},\"query-input\":{\"@type\":\"PropertyValueSpecification\",\"valueRequired\":true,\"valueName\":\"search_term_string\"}}],\"inLanguage\":\"it-IT\"}]}<\/script>\n<!-- \/ Yoast SEO plugin. -->","yoast_head_json":{"title":"Politica di acquisto - Tickets Alhambra Patronato","robots":{"index":"noindex","follow":"follow","max-snippet":"max-snippet:-1","max-image-preview":"max-image-preview:large","max-video-preview":"max-video-preview:-1"},"og_locale":"it_IT","og_type":"article","og_title":"Politica di acquisto - Tickets Alhambra Patronato","og_description":"Politica di acquistoCONDIZIONI GENERALI DI ACQUISTO Le presenti Condizioni Generali di Acquisto, contemplate prima della procedura di contrattazione, regolano l'acquisto di biglietti attraverso il Sito tickets.alhambra-patronato.es di propriet\u00e0 del Consiglio di fondazione dell'Alhambra e del Generalife. Le presenti Condizioni Generali di Acquisto devono essere integrate dalle Condizioni Generali di Accesso e Utilizzo del Sito stabilite [&hellip;]","og_url":"https:\/\/alhambra-entradas.demo.iacpospre.com\/it\/politica-di-acquisto\/","og_site_name":"Tickets Alhambra Patronato","article_modified_time":"2023-11-21T11:18:28+00:00","twitter_card":"summary_large_image","twitter_misc":{"Tempo di lettura stimato":"7 minuti"},"schema":{"@context":"https:\/\/schema.org","@graph":[{"@type":"WebPage","@id":"https:\/\/alhambra-entradas.demo.iacpospre.com\/it\/politica-di-acquisto\/","url":"https:\/\/alhambra-entradas.demo.iacpospre.com\/it\/politica-di-acquisto\/","name":"Politica di acquisto - Tickets Alhambra Patronato","isPartOf":{"@id":"https:\/\/alhambra-entradas.demo.iacpospre.com\/#website"},"datePublished":"2021-11-18T10:22:33+00:00","dateModified":"2023-11-21T11:18:28+00:00","breadcrumb":{"@id":"https:\/\/alhambra-entradas.demo.iacpospre.com\/it\/politica-di-acquisto\/#breadcrumb"},"inLanguage":"it-IT","potentialAction":[{"@type":"ReadAction","target":["https:\/\/alhambra-entradas.demo.iacpospre.com\/it\/politica-di-acquisto\/"]}]},{"@type":"BreadcrumbList","@id":"https:\/\/alhambra-entradas.demo.iacpospre.com\/it\/politica-di-acquisto\/#breadcrumb","itemListElement":[{"@type":"ListItem","position":1,"name":"Portada","item":"https:\/\/alhambra-entradas.demo.iacpospre.com\/it\/"},{"@type":"ListItem","position":2,"name":"Politica di acquisto"}]},{"@type":"WebSite","@id":"https:\/\/alhambra-entradas.demo.iacpospre.com\/#website","url":"https:\/\/alhambra-entradas.demo.iacpospre.com\/","name":"Tickets Alhambra Patronato","description":"Compra de entradas Alhambra y Generalife","potentialAction":[{"@type":"SearchAction","target":{"@type":"EntryPoint","urlTemplate":"https:\/\/alhambra-entradas.demo.iacpospre.com\/?s={search_term_string}"},"query-input":{"@type":"PropertyValueSpecification","valueRequired":true,"valueName":"search_term_string"}}],"inLanguage":"it-IT"}]}},"_links":{"self":[{"href":"https:\/\/alhambra-entradas.demo.iacpospre.com\/it\/wp-json\/wp\/v2\/pages\/11806","targetHints":{"allow":["GET"]}}],"collection":[{"href":"https:\/\/alhambra-entradas.demo.iacpospre.com\/it\/wp-json\/wp\/v2\/pages"}],"about":[{"href":"https:\/\/alhambra-entradas.demo.iacpospre.com\/it\/wp-json\/wp\/v2\/types\/page"}],"author":[{"embeddable":true,"href":"https:\/\/alhambra-entradas.demo.iacpospre.com\/it\/wp-json\/wp\/v2\/users\/1"}],"replies":[{"embeddable":true,"href":"https:\/\/alhambra-entradas.demo.iacpospre.com\/it\/wp-json\/wp\/v2\/comments?post=11806"}],"version-history":[{"count":20,"href":"https:\/\/alhambra-entradas.demo.iacpospre.com\/it\/wp-json\/wp\/v2\/pages\/11806\/revisions"}],"predecessor-version":[{"id":17976,"href":"https:\/\/alhambra-entradas.demo.iacpospre.com\/it\/wp-json\/wp\/v2\/pages\/11806\/revisions\/17976"}],"wp:attachment":[{"href":"https:\/\/alhambra-entradas.demo.iacpospre.com\/it\/wp-json\/wp\/v2\/media?parent=11806"}],"curies":[{"name":"wp","href":"https:\/\/api.w.org\/{rel}","templated":true}]}}