{"id":12126,"date":"2022-03-03T11:53:37","date_gmt":"2022-03-03T10:53:37","guid":{"rendered":"https:\/\/alhambra-entradas.demo.iacpospre.com\/politica-de-privacidad-newsletter\/"},"modified":"2022-06-16T14:55:23","modified_gmt":"2022-06-16T12:55:23","slug":"politica-de-privacidad-newsletter","status":"publish","type":"page","link":"https:\/\/alhambra-entradas.demo.iacpospre.com\/it\/politica-de-privacidad-newsletter\/","title":{"rendered":"Politica sulla privacy Newsletter"},"content":{"rendered":"<p>[et_pb_section fb_built=&#8221;1&#8243; _builder_version=&#8221;4.14.7&#8243; _module_preset=&#8221;default&#8221; display_conditions=&#8221;bnVsbA==&#8221; custom_padding=&#8221;28px||30px|||&#8221; global_colors_info=&#8221;{}&#8221;][et_pb_row _builder_version=&#8221;4.14.7&#8243; _module_preset=&#8221;default&#8221; display_conditions=&#8221;bnVsbA==&#8221; global_colors_info=&#8221;{}&#8221;][et_pb_column type=&#8221;4_4&#8243; _builder_version=&#8221;4.14.7&#8243; _module_preset=&#8221;default&#8221; display_conditions=&#8221;bnVsbA==&#8221; global_colors_info=&#8221;{}&#8221;][et_pb_text _builder_version=&#8221;4.14.7&#8243; _module_preset=&#8221;default&#8221; header_font=&#8221;Hallosans||||||||&#8221; header_font_size=&#8221;34px&#8221; display_conditions=&#8221;bnVsbA==&#8221; global_colors_info=&#8221;{}&#8221;]<\/p>\n<h1>Politica sulla privacy<\/h1>\n<p>[\/et_pb_text][\/et_pb_column][\/et_pb_row][\/et_pb_section][et_pb_section fb_built=&#8221;1&#8243; _builder_version=&#8221;4.14.7&#8243; _module_preset=&#8221;default&#8221; display_conditions=&#8221;bnVsbA==&#8221; global_colors_info=&#8221;{}&#8221;][et_pb_row _builder_version=&#8221;4.14.7&#8243; _module_preset=&#8221;default&#8221; display_conditions=&#8221;bnVsbA==&#8221; global_colors_info=&#8221;{}&#8221;][et_pb_column type=&#8221;4_4&#8243; _builder_version=&#8221;4.14.7&#8243; _module_preset=&#8221;default&#8221; display_conditions=&#8221;bnVsbA==&#8221; global_colors_info=&#8221;{}&#8221;][et_pb_text _builder_version=&#8221;4.14.8&#8243; _module_preset=&#8221;default&#8221; display_conditions=&#8221;bnVsbA==&#8221; global_colors_info=&#8221;{}&#8221;]<\/p>\n<p><strong>POLITICA SULLA PRIVACY. PROTEZIONE DEI DATI PERSONALI.<\/strong><\/p>\n<p>RESPONSABILE<\/p>\n<p><strong>Identit\u00e0:<\/strong><\/p>\n<p>PATRONATO DE LA ALHAMBRA E GENERALIFE \u2013 CIF: Q1818001H, Indirizzo postale: C\/ Real de la Alhambra, s\/n \u2013 18009 \u2013 GRANADA \u2013 GRANADA. E-mail: lopd.pag@juntadeandalucia.es<\/p>\n<p><strong>Dati di contatto del delegato alla protezione dei dati<\/strong><\/p>\n<p>dpd.pag@juntadeandalucia.es<strong><\/strong><\/p>\n<p>&nbsp;<\/p>\n<p>SCOPI<\/p>\n<p><strong>Descrizione estesa della\/e finalit\u00e0\/i del trattamento:<\/strong><\/p>\n<p>Tratteremo i tuoi dati per la gestione e il controllo delle attivit\u00e0 culturali, educative, di ricerca e di consultazione, nonch\u00e9 quelle derivanti dal regolamento sulle visite pubbliche organizzate dal Consiglio di fondazione dell&#8217;Alhambra e del Generalife e, in particolare, per le attivit\u00e0 amministrative e contabili gestione e fiscalit\u00e0, sicurezza, statistica e comunicazione e diffusione degli stessi.<\/p>\n<p>CONSERVAZIONE<\/p>\n<p><strong>Scadenze o criteri per la conservazione dei dati:<\/strong><\/p>\n<p>I dati personali forniti saranno conservati fino a quando sar\u00e0 mantenuto il rapporto con l&#8217;ente e non ne sar\u00e0 richiesta la cancellazione dall&#8217;interessato, saranno conservati nel rispetto dei termini di legge stabiliti in materia fiscale e contabile di 5 (cinque) anni, prendendo come riferimento l&#8217; ultima comunicazione .<\/p>\n<p>DECISIONI<\/p>\n<p><strong>Decisioni automatizzate, profili e logica applicata:<\/strong><\/p>\n<p>L&#8217;entit\u00e0 NON prender\u00e0 decisioni automatizzate, profili o logica applicata ai tuoi dati.<\/p>\n<p>LEGITTIMAZIONE<\/p>\n<p><strong>Legittimazione mediante esecuzione di un contratto:<\/strong><\/p>\n<p>Poich\u00e9 il trattamento \u00e8 necessario per l&#8217;esecuzione di un contratto commerciale, di cui Lei \u00e8 parte, si precisa che la tipologia di contratto in oggetto \u00e8 il predetto contratto di vendita di biglietti commerciali.<\/p>\n<p>Poich\u00e9 la comunicazione dei dati personali \u00e8 un obbligo legale o contrattuale e un requisito necessario per la sottoscrizione del suddetto contratto, si informa l&#8217;interessato che \u00e8 tenuto a fornire i dati personali, e parimenti che le conseguenze del mancato conferimento possono comportare il mancato conferimento dei dati personali. fornitura del servizio richiesto.<\/p>\n<p>DESTINATARI<\/p>\n<p>Durante il periodo di durata del trattamento, il PATROCINIO DELL&#8217;ALHAMBRA E GENERALIFE non effettuer\u00e0 alcun incarico, salvo obbligo di legge, n\u00e9 alcun trasferimento internazionale. Le comunicazioni dei dati saranno effettuate tra i seguenti responsabili del trattamento con i quali sono in essere i relativi contratti di trattamento dei dati:<\/p>\n<p>SICOMORO SERVICIOS INTEGRALES, S.L. con NIF\/CIF B99020547<\/p>\n<p>DIRITTI<\/p>\n<p><strong>L&#8217;interessato pu\u00f2 esercitare i seguenti diritti:<\/strong><\/p>\n<p>* Diritto di richiedere l&#8217;accesso ai tuoi dati personali.<\/p>\n<p>* Diritto di richiederne la rettifica o la cancellazione.<\/p>\n<p>* Diritto di richiedere la limitazione del proprio trattamento.<\/p>\n<p>* Diritto di opporsi al trattamento.<\/p>\n<p>* Diritto alla portabilit\u00e0 dei dati.<\/p>\n<p>* Diritto di revocare il consenso prestato.<\/p>\n<p>Chiunque ha diritto di ottenere la conferma che l&#8217;Ente stia trattando o meno dati personali che lo riguardano. Gli interessati hanno il diritto di accedere ai propri dati personali, nonch\u00e9 di chiedere la rettifica dei dati inesatti o, se del caso, chiederne la cancellazione quando, tra l&#8217;altro, i dati non sono pi\u00f9 necessari per le finalit\u00e0 per le quali sono stati raccolti.<\/p>\n<p>In determinate circostanze, gli interessati possono richiedere la limitazione del trattamento dei propri dati, nel qual caso li conserveremo solo per l&#8217;esercizio o la difesa di reclami. In determinate circostanze e per motivi legati alla loro situazione particolare, gli interessati possono opporsi al trattamento dei loro dati. In tal caso, l&#8217;entit\u00e0 interromper\u00e0 il trattamento dei dati, salvo che per motivi legittimi e impellenti, o per l&#8217;esercizio o la difesa di eventuali pretese.<\/p>\n<p>Se presti il tuo consenso per una qualsiasi specifica finalit\u00e0, hai il diritto di revocare il consenso prestato in qualsiasi momento, senza pregiudicare la liceit\u00e0 del trattamento basata sul consenso prima della revoca.<\/p>\n<p>Per fare ci\u00f2, \u00e8 possibile utilizzare i moduli forniti dall&#8217;ente o scrivere al PATRONATO DE LA ALHAMBRA Y GENERALIFE con NIF\/CIF Q1818001H e sede legale in C\/ Real de la Alhambra, s\/n \u2013 18009 \u2013 GRANADA \u2013 GRANADA. E-mail: lopd.pag@juntadeandalucia.es<\/p>\n<p>Nel caso in cui ritieni che i tuoi diritti siano stati violati in materia di protezione dei tuoi dati personali, in particolare quando non hai ottenuto soddisfazione nell&#8217;esercizio dei tuoi diritti, puoi presentare un reclamo all&#8217;Autorit\u00e0 di controllo per la protezione dei dati competente, il Consiglio per la trasparenza e la protezione dei dati dell&#8217;Andalusia, attraverso il suo sito web https:\/\/www.ctpdandalucia.es\/<\/p>\n<p>ORIGINE DEI DATI<\/p>\n<p>I dati personali che trattiamo presso il PATROCINIO DELL&#8217;ALHAMBRA E GENERALIFE provengono direttamente da te:<\/p>\n<p><strong>Le categorie di dati oggetto di trattamento sono:<\/strong><\/p>\n<p>&#8211; Dati identificativi<\/p>\n<p>&#8211; Indirizzi postali o elettronici<\/p>\n<p>&#8211; Informazioni commerciali<\/p>\n<p>&#8211; Dati economici<\/p>\n<p>[\/et_pb_text][\/et_pb_column][\/et_pb_row][\/et_pb_section]<\/p>\n","protected":false},"excerpt":{"rendered":"<p>Politica sulla privacyPOLITICA SULLA PRIVACY. PROTEZIONE DEI DATI PERSONALI. RESPONSABILE Identit\u00e0: PATRONATO DE LA ALHAMBRA E GENERALIFE \u2013 CIF: Q1818001H, Indirizzo postale: C\/ Real de la Alhambra, s\/n \u2013 18009 \u2013 GRANADA \u2013 GRANADA. E-mail: lopd.pag@juntadeandalucia.es Dati di contatto del delegato alla protezione dei dati dpd.pag@juntadeandalucia.es &nbsp; SCOPI Descrizione estesa della\/e finalit\u00e0\/i del trattamento: Tratteremo [&hellip;]<\/p>\n","protected":false},"author":1,"featured_media":0,"parent":0,"menu_order":0,"comment_status":"closed","ping_status":"closed","template":"","meta":{"_acf_changed":false,"_et_pb_use_builder":"on","_et_pb_old_content":"","_et_gb_content_width":"","footnotes":""},"class_list":["post-12126","page","type-page","status-publish","hentry"],"acf":[],"yoast_head":"<!-- This site is optimized with the Yoast SEO plugin v27.4 - https:\/\/yoast.com\/product\/yoast-seo-wordpress\/ -->\n<title>Politica sulla privacy Newsletter - Tickets Alhambra Patronato<\/title>\n<meta name=\"robots\" content=\"noindex, follow, max-snippet:-1, max-image-preview:large, max-video-preview:-1\" \/>\n<meta property=\"og:locale\" content=\"it_IT\" \/>\n<meta property=\"og:type\" content=\"article\" \/>\n<meta property=\"og:title\" content=\"Politica sulla privacy Newsletter - Tickets Alhambra Patronato\" \/>\n<meta property=\"og:description\" content=\"Politica sulla privacyPOLITICA SULLA PRIVACY. PROTEZIONE DEI DATI PERSONALI. RESPONSABILE Identit\u00e0: PATRONATO DE LA ALHAMBRA E GENERALIFE \u2013 CIF: Q1818001H, Indirizzo postale: C\/ Real de la Alhambra, s\/n \u2013 18009 \u2013 GRANADA \u2013 GRANADA. E-mail: lopd.pag@juntadeandalucia.es Dati di contatto del delegato alla protezione dei dati dpd.pag@juntadeandalucia.es &nbsp; SCOPI Descrizione estesa della\/e finalit\u00e0\/i del trattamento: Tratteremo [&hellip;]\" \/>\n<meta property=\"og:url\" content=\"https:\/\/alhambra-entradas.demo.iacpospre.com\/politica-de-privacidad-newsletter\/\" \/>\n<meta property=\"og:site_name\" content=\"Tickets Alhambra Patronato\" \/>\n<meta property=\"article:modified_time\" content=\"2022-06-16T12:55:23+00:00\" \/>\n<meta name=\"twitter:card\" content=\"summary_large_image\" \/>\n<meta name=\"twitter:label1\" content=\"Tempo di lettura stimato\" \/>\n\t<meta name=\"twitter:data1\" content=\"4 minuti\" \/>\n<script type=\"application\/ld+json\" class=\"yoast-schema-graph\">{\"@context\":\"https:\\\/\\\/schema.org\",\"@graph\":[{\"@type\":\"WebPage\",\"@id\":\"https:\\\/\\\/alhambra-entradas.demo.iacpospre.com\\\/politica-de-privacidad-newsletter\\\/\",\"url\":\"https:\\\/\\\/alhambra-entradas.demo.iacpospre.com\\\/politica-de-privacidad-newsletter\\\/\",\"name\":\"Politica sulla privacy Newsletter - Tickets Alhambra Patronato\",\"isPartOf\":{\"@id\":\"https:\\\/\\\/alhambra-entradas.demo.iacpospre.com\\\/#website\"},\"datePublished\":\"2022-03-03T10:53:37+00:00\",\"dateModified\":\"2022-06-16T12:55:23+00:00\",\"breadcrumb\":{\"@id\":\"https:\\\/\\\/alhambra-entradas.demo.iacpospre.com\\\/politica-de-privacidad-newsletter\\\/#breadcrumb\"},\"inLanguage\":\"it-IT\",\"potentialAction\":[{\"@type\":\"ReadAction\",\"target\":[\"https:\\\/\\\/alhambra-entradas.demo.iacpospre.com\\\/politica-de-privacidad-newsletter\\\/\"]}]},{\"@type\":\"BreadcrumbList\",\"@id\":\"https:\\\/\\\/alhambra-entradas.demo.iacpospre.com\\\/politica-de-privacidad-newsletter\\\/#breadcrumb\",\"itemListElement\":[{\"@type\":\"ListItem\",\"position\":1,\"name\":\"Portada\",\"item\":\"https:\\\/\\\/alhambra-entradas.demo.iacpospre.com\\\/it\\\/\"},{\"@type\":\"ListItem\",\"position\":2,\"name\":\"Politica sulla privacy Newsletter\"}]},{\"@type\":\"WebSite\",\"@id\":\"https:\\\/\\\/alhambra-entradas.demo.iacpospre.com\\\/#website\",\"url\":\"https:\\\/\\\/alhambra-entradas.demo.iacpospre.com\\\/\",\"name\":\"Tickets Alhambra Patronato\",\"description\":\"Compra de entradas Alhambra y Generalife\",\"potentialAction\":[{\"@type\":\"SearchAction\",\"target\":{\"@type\":\"EntryPoint\",\"urlTemplate\":\"https:\\\/\\\/alhambra-entradas.demo.iacpospre.com\\\/?s={search_term_string}\"},\"query-input\":{\"@type\":\"PropertyValueSpecification\",\"valueRequired\":true,\"valueName\":\"search_term_string\"}}],\"inLanguage\":\"it-IT\"}]}<\/script>\n<!-- \/ Yoast SEO plugin. -->","yoast_head_json":{"title":"Politica sulla privacy Newsletter - Tickets Alhambra Patronato","robots":{"index":"noindex","follow":"follow","max-snippet":"max-snippet:-1","max-image-preview":"max-image-preview:large","max-video-preview":"max-video-preview:-1"},"og_locale":"it_IT","og_type":"article","og_title":"Politica sulla privacy Newsletter - Tickets Alhambra Patronato","og_description":"Politica sulla privacyPOLITICA SULLA PRIVACY. PROTEZIONE DEI DATI PERSONALI. RESPONSABILE Identit\u00e0: PATRONATO DE LA ALHAMBRA E GENERALIFE \u2013 CIF: Q1818001H, Indirizzo postale: C\/ Real de la Alhambra, s\/n \u2013 18009 \u2013 GRANADA \u2013 GRANADA. E-mail: lopd.pag@juntadeandalucia.es Dati di contatto del delegato alla protezione dei dati dpd.pag@juntadeandalucia.es &nbsp; SCOPI Descrizione estesa della\/e finalit\u00e0\/i del trattamento: Tratteremo [&hellip;]","og_url":"https:\/\/alhambra-entradas.demo.iacpospre.com\/politica-de-privacidad-newsletter\/","og_site_name":"Tickets Alhambra Patronato","article_modified_time":"2022-06-16T12:55:23+00:00","twitter_card":"summary_large_image","twitter_misc":{"Tempo di lettura stimato":"4 minuti"},"schema":{"@context":"https:\/\/schema.org","@graph":[{"@type":"WebPage","@id":"https:\/\/alhambra-entradas.demo.iacpospre.com\/politica-de-privacidad-newsletter\/","url":"https:\/\/alhambra-entradas.demo.iacpospre.com\/politica-de-privacidad-newsletter\/","name":"Politica sulla privacy Newsletter - Tickets Alhambra Patronato","isPartOf":{"@id":"https:\/\/alhambra-entradas.demo.iacpospre.com\/#website"},"datePublished":"2022-03-03T10:53:37+00:00","dateModified":"2022-06-16T12:55:23+00:00","breadcrumb":{"@id":"https:\/\/alhambra-entradas.demo.iacpospre.com\/politica-de-privacidad-newsletter\/#breadcrumb"},"inLanguage":"it-IT","potentialAction":[{"@type":"ReadAction","target":["https:\/\/alhambra-entradas.demo.iacpospre.com\/politica-de-privacidad-newsletter\/"]}]},{"@type":"BreadcrumbList","@id":"https:\/\/alhambra-entradas.demo.iacpospre.com\/politica-de-privacidad-newsletter\/#breadcrumb","itemListElement":[{"@type":"ListItem","position":1,"name":"Portada","item":"https:\/\/alhambra-entradas.demo.iacpospre.com\/it\/"},{"@type":"ListItem","position":2,"name":"Politica sulla privacy Newsletter"}]},{"@type":"WebSite","@id":"https:\/\/alhambra-entradas.demo.iacpospre.com\/#website","url":"https:\/\/alhambra-entradas.demo.iacpospre.com\/","name":"Tickets Alhambra Patronato","description":"Compra de entradas Alhambra y Generalife","potentialAction":[{"@type":"SearchAction","target":{"@type":"EntryPoint","urlTemplate":"https:\/\/alhambra-entradas.demo.iacpospre.com\/?s={search_term_string}"},"query-input":{"@type":"PropertyValueSpecification","valueRequired":true,"valueName":"search_term_string"}}],"inLanguage":"it-IT"}]}},"_links":{"self":[{"href":"https:\/\/alhambra-entradas.demo.iacpospre.com\/it\/wp-json\/wp\/v2\/pages\/12126","targetHints":{"allow":["GET"]}}],"collection":[{"href":"https:\/\/alhambra-entradas.demo.iacpospre.com\/it\/wp-json\/wp\/v2\/pages"}],"about":[{"href":"https:\/\/alhambra-entradas.demo.iacpospre.com\/it\/wp-json\/wp\/v2\/types\/page"}],"author":[{"embeddable":true,"href":"https:\/\/alhambra-entradas.demo.iacpospre.com\/it\/wp-json\/wp\/v2\/users\/1"}],"replies":[{"embeddable":true,"href":"https:\/\/alhambra-entradas.demo.iacpospre.com\/it\/wp-json\/wp\/v2\/comments?post=12126"}],"version-history":[{"count":5,"href":"https:\/\/alhambra-entradas.demo.iacpospre.com\/it\/wp-json\/wp\/v2\/pages\/12126\/revisions"}],"predecessor-version":[{"id":12394,"href":"https:\/\/alhambra-entradas.demo.iacpospre.com\/it\/wp-json\/wp\/v2\/pages\/12126\/revisions\/12394"}],"wp:attachment":[{"href":"https:\/\/alhambra-entradas.demo.iacpospre.com\/it\/wp-json\/wp\/v2\/media?parent=12126"}],"curies":[{"name":"wp","href":"https:\/\/api.w.org\/{rel}","templated":true}]}}